{"id":569,"date":"2024-05-14T23:53:10","date_gmt":"2024-05-14T23:53:10","guid":{"rendered":"https:\/\/iamerica.wpenginepowered.com\/?page_id=569"},"modified":"2024-07-10T18:09:39","modified_gmt":"2024-07-10T22:09:39","slug":"legal-help","status":"publish","type":"page","link":"https:\/\/iamerica.org\/de\/legal-help\/","title":{"rendered":"Juristische Hilfe"},"content":{"rendered":"<div data-elementor-type=\"wp-page\" data-elementor-id=\"569\" class=\"elementor elementor-569\" data-elementor-post-type=\"page\">\n\t\t\t\t\t\t<section class=\"elementor-section elementor-top-section elementor-element elementor-element-fc4b37f elementor-section-boxed elementor-section-height-default elementor-section-height-default\" data-id=\"fc4b37f\" data-element_type=\"section\" data-e-type=\"section\">\n\t\t\t\t\t\t<div class=\"elementor-container elementor-column-gap-wider\">\n\t\t\t\t\t<div class=\"elementor-column elementor-col-66 elementor-top-column elementor-element elementor-element-849365e\" data-id=\"849365e\" data-element_type=\"column\" data-e-type=\"column\">\n\t\t\t<div class=\"elementor-widget-wrap elementor-element-populated\">\n\t\t\t\t\t\t<div class=\"elementor-element elementor-element-d3f99cd elementor-widget elementor-widget-text-editor\" data-id=\"d3f99cd\" data-element_type=\"widget\" data-e-type=\"widget\" data-widget_type=\"text-editor.default\">\n\t\t\t\t<div class=\"elementor-widget-container\">\n\t\t\t\t\t\t\t\t\t<p><span style=\"font-weight: 400;\">Lassen Sie sich nicht von \"Notarios\" oder Betr\u00fcgern t\u00e4uschen. Finden Sie einen seri\u00f6sen Einwanderungsanwalt oder Rechtsdienstleister in Ihrer N\u00e4he, indem Sie unten Ihre Postleitzahl eingeben.<\/span><\/p>\n<p><span style=\"font-weight: 400;\">Haben Sie einen bevorstehenden Gerichtstermin oder wurden Sie aufgefordert, sich bei den Einwanderungsbeh\u00f6rden (ICE) zu melden? Wenn ja, sollten Sie das tun:<\/span><\/p>\t\t\t\t\t\t\t\t<\/div>\n\t\t\t\t<\/div>\n\t\t\t\t<div class=\"elementor-element elementor-element-cc060d7 elementor-align-start elementor-icon-list--layout-traditional elementor-list-item-link-full_width elementor-widget elementor-widget-icon-list\" data-id=\"cc060d7\" data-element_type=\"widget\" data-e-type=\"widget\" data-widget_type=\"icon-list.default\">\n\t\t\t\t<div class=\"elementor-widget-container\">\n\t\t\t\t\t\t\t<ul class=\"elementor-icon-list-items\">\n\t\t\t\t\t\t\t<li class=\"elementor-icon-list-item\">\n\t\t\t\t\t\t\t\t\t\t\t<span class=\"elementor-icon-list-icon\">\n\t\t\t\t\t\t\t<svg aria-hidden=\"true\" class=\"e-font-icon-svg e-fas-check-circle\" viewbox=\"0 0 512 512\" xmlns=\"http:\/\/www.w3.org\/2000\/svg\"><path d=\"M504 256c0 136.967-111.033 248-248 248S8 392.967 8 256 119.033 8 256 8s248 111.033 248 248zM227.314 387.314l184-184c6.248-6.248 6.248-16.379 0-22.627l-22.627-22.627c-6.248-6.249-16.379-6.249-22.628 0L216 308.118l-70.059-70.059c-6.248-6.248-16.379-6.248-22.628 0l-22.627 22.627c-6.248 6.248-6.248 16.379 0 22.627l104 104c6.249 6.249 16.379 6.249 22.628.001z\"><\/path><\/svg>\t\t\t\t\t\t<\/span>\n\t\t\t\t\t\t\t\t\t\t<span class=\"elementor-icon-list-text\">Holen Sie sich umgehend Rat bei einer vertrauensw\u00fcrdigen Quelle wie einem seri\u00f6sen Einwanderungsanwalt oder einer gemeinn\u00fctzigen Agentur.<\/span>\n\t\t\t\t\t\t\t\t\t<\/li>\n\t\t\t\t\t\t\t\t<li class=\"elementor-icon-list-item\">\n\t\t\t\t\t\t\t\t\t\t\t<span class=\"elementor-icon-list-icon\">\n\t\t\t\t\t\t\t<svg aria-hidden=\"true\" class=\"e-font-icon-svg e-fas-check-circle\" viewbox=\"0 0 512 512\" xmlns=\"http:\/\/www.w3.org\/2000\/svg\"><path d=\"M504 256c0 136.967-111.033 248-248 248S8 392.967 8 256 119.033 8 256 8s248 111.033 248 248zM227.314 387.314l184-184c6.248-6.248 6.248-16.379 0-22.627l-22.627-22.627c-6.248-6.249-16.379-6.249-22.628 0L216 308.118l-70.059-70.059c-6.248-6.248-16.379-6.248-22.628 0l-22.627 22.627c-6.248 6.248-6.248 16.379 0 22.627l104 104c6.249 6.249 16.379 6.249 22.628.001z\"><\/path><\/svg>\t\t\t\t\t\t<\/span>\n\t\t\t\t\t\t\t\t\t\t<span class=\"elementor-icon-list-text\">Wenn Sie noch keinen Anwalt haben, geben Sie unten Ihre Postleitzahl ein, um eine Liste der \u00f6rtlichen gemeinn\u00fctzigen Organisationen zu erhalten, die kostenlose oder kosteng\u00fcnstige Rechtshilfe anbieten.<\/span>\n\t\t\t\t\t\t\t\t\t<\/li>\n\t\t\t\t\t\t<\/ul>\n\t\t\t\t\t\t<\/div>\n\t\t\t\t<\/div>\n\t\t\t\t<div class=\"elementor-element elementor-element-a81b80c elementor-widget elementor-widget-text-editor\" data-id=\"a81b80c\" data-element_type=\"widget\" data-e-type=\"widget\" data-widget_type=\"text-editor.default\">\n\t\t\t\t<div class=\"elementor-widget-container\">\n\t\t\t\t\t\t\t\t\t<p><span style=\"font-weight: 400;\">Denken Sie daran. Gehen Sie nicht allein zum Einwanderungsgericht, und verlassen Sie sich nicht auf \"Notarios\" oder andere Personen, die keine Lizenz haben, falsche Versprechungen machen oder \u00fcberh\u00f6hte Geb\u00fchren verlangen.<\/span><\/p>\t\t\t\t\t\t\t\t<\/div>\n\t\t\t\t<\/div>\n\t\t\t\t<div class=\"elementor-element elementor-element-3807ab2 elementor-widget elementor-widget-heading\" data-id=\"3807ab2\" data-element_type=\"widget\" data-e-type=\"widget\" data-widget_type=\"heading.default\">\n\t\t\t\t<div class=\"elementor-widget-container\">\n\t\t\t\t\t<h4 class=\"elementor-heading-title elementor-size-default\">Siehe unser Rechtsverzeichnis<\/h4>\t\t\t\t<\/div>\n\t\t\t\t<\/div>\n\t\t\t\t<div class=\"elementor-element elementor-element-5b3f6c4 elementor-widget elementor-widget-html\" data-id=\"5b3f6c4\" data-element_type=\"widget\" data-e-type=\"widget\" data-widget_type=\"html.default\">\n\t\t\t\t<div class=\"elementor-widget-container\">\n\t\t\t\t\t<div id=\"legal-organizations\"><\/div>\t\t\t\t<\/div>\n\t\t\t\t<\/div>\n\t\t\t\t<div class=\"elementor-element elementor-element-abbcba3 elementor-widget elementor-widget-text-editor\" data-id=\"abbcba3\" data-element_type=\"widget\" data-e-type=\"widget\" data-widget_type=\"text-editor.default\">\n\t\t\t\t<div class=\"elementor-widget-container\">\n\t\t\t\t\t\t\t\t\t<p><span style=\"font-weight: 400;\">HINWEIS: Der Empfang der Informationen auf dieser Website ist nicht dazu bestimmt, einen Vertrag \u00fcber die Vertretung durch einen Rechtsanwalt zu begr\u00fcnden, und der Empfang dieser Informationen stellt keinen Vertrag \u00fcber die Vertretung durch einen Rechtsanwalt dar und begr\u00fcndet kein Mandatsverh\u00e4ltnis. Diese Informationen sind nicht als Ersatz f\u00fcr eine Rechtsberatung durch einen Anwalt gedacht. Niemand sollte auf der Grundlage von Informationen auf dieser Website handeln oder sich darauf verlassen, ohne den Rat eines Anwalts einzuholen.<\/span><\/p><p><span style=\"font-weight: 400;\">Bitte beachten Sie, dass das Senden einer E-Mail-Nachricht an iAmerica Sie nicht vertraglich dazu verpflichtet, Sie als Anwalt oder in anderer Weise zu vertreten. Die in diesem Verzeichnis aufgef\u00fchrten Gemeinschaftsgruppen, die juristische Dienstleistungen anbieten, k\u00f6nnen in keiner Angelegenheit als Ihr Rechtsbeistand auftreten, es sei denn, Sie und sie vereinbaren ausdr\u00fccklich und schriftlich, dass wir als Ihr Anwalt oder Vertreter auftreten.<\/span><\/p>\t\t\t\t\t\t\t\t<\/div>\n\t\t\t\t<\/div>\n\t\t\t\t\t<\/div>\n\t\t<\/div>\n\t\t\t\t<div class=\"elementor-column elementor-col-33 elementor-top-column elementor-element elementor-element-6520d7e\" data-id=\"6520d7e\" data-element_type=\"column\" data-e-type=\"column\">\n\t\t\t<div class=\"elementor-widget-wrap\">\n\t\t\t\t\t\t\t<\/div>\n\t\t<\/div>\n\t\t\t\t\t<\/div>\n\t\t<\/section>\n\t\t\t\t<\/div>","protected":false},"excerpt":{"rendered":"<p>Don\u2019t be fooled by &#8220;notarios&#8221; or scammers. Find a reputable immigration attorney or legal services provider in your area by entering your zip code below. Do you have an upcoming immigration court date or have you been ordered to report to the immigration authorities (ICE)? If so, you should: Immediately get advice from a trustworthy [&hellip;]<\/p>\n","protected":false},"author":1,"featured_media":1180,"parent":0,"menu_order":0,"comment_status":"closed","ping_status":"closed","template":"","meta":{"footnotes":"","_links_to":"","_links_to_target":""},"class_list":["post-569","page","type-page","status-publish","has-post-thumbnail","hentry"],"yoast_head":"<!-- This site is optimized with the Yoast SEO plugin v27.3 - https:\/\/yoast.com\/product\/yoast-seo-wordpress\/ -->\n<title>Legal Help - iAmerica<\/title>\n<meta name=\"description\" content=\"Find legal help with iAmerica. Access resources for legal support, understand your rights, and connect with trusted legal professionals.\" \/>\n<meta name=\"robots\" content=\"index, follow, max-snippet:-1, max-image-preview:large, max-video-preview:-1\" \/>\n<link rel=\"canonical\" href=\"https:\/\/iamerica.org\/de\/legal-help\/\" \/>\n<meta property=\"og:locale\" content=\"de_DE\" \/>\n<meta property=\"og:type\" content=\"article\" \/>\n<meta property=\"og:title\" content=\"Legal Help - iAmerica\" \/>\n<meta property=\"og:description\" content=\"Find legal help with iAmerica. Access resources for legal support, understand your rights, and connect with trusted legal professionals.\" \/>\n<meta property=\"og:url\" content=\"https:\/\/iamerica.org\/de\/legal-help\/\" \/>\n<meta property=\"og:site_name\" content=\"iAmerica\" \/>\n<meta property=\"article:publisher\" content=\"https:\/\/www.facebook.com\/iAmericaorg\/\" \/>\n<meta property=\"article:modified_time\" content=\"2024-07-10T22:09:39+00:00\" \/>\n<meta property=\"og:image\" content=\"https:\/\/iamerica.org\/wp-content\/uploads\/2024\/05\/iAmerica-Legal-Help-scaled.webp\" \/>\n\t<meta property=\"og:image:width\" content=\"2560\" \/>\n\t<meta property=\"og:image:height\" content=\"418\" \/>\n\t<meta property=\"og:image:type\" content=\"image\/webp\" \/>\n<meta name=\"twitter:card\" content=\"summary_large_image\" \/>\n<meta name=\"twitter:site\" content=\"@iamericaorg\" \/>\n<meta name=\"twitter:label1\" content=\"Gesch\u00e4tzte Lesezeit\" \/>\n\t<meta name=\"twitter:data1\" content=\"2 Minuten\" \/>\n<script type=\"application\/ld+json\" class=\"yoast-schema-graph\">{\"@context\":\"https:\\\/\\\/schema.org\",\"@graph\":[{\"@type\":\"WebPage\",\"@id\":\"https:\\\/\\\/iamerica.org\\\/am\\\/legal-help\\\/\",\"url\":\"https:\\\/\\\/iamerica.org\\\/am\\\/legal-help\\\/\",\"name\":\"Legal Help - iAmerica\",\"isPartOf\":{\"@id\":\"https:\\\/\\\/iamerica.org\\\/ru\\\/#website\"},\"primaryImageOfPage\":{\"@id\":\"https:\\\/\\\/iamerica.org\\\/am\\\/legal-help\\\/#primaryimage\"},\"image\":{\"@id\":\"https:\\\/\\\/iamerica.org\\\/am\\\/legal-help\\\/#primaryimage\"},\"thumbnailUrl\":\"https:\\\/\\\/iamerica.org\\\/wp-content\\\/uploads\\\/2024\\\/05\\\/iAmerica-Legal-Help-scaled.webp\",\"datePublished\":\"2024-05-14T23:53:10+00:00\",\"dateModified\":\"2024-07-10T22:09:39+00:00\",\"description\":\"Find legal help with iAmerica. Access resources for legal support, understand your rights, and connect with trusted legal professionals.\",\"breadcrumb\":{\"@id\":\"https:\\\/\\\/iamerica.org\\\/am\\\/legal-help\\\/#breadcrumb\"},\"inLanguage\":\"de-DE\",\"potentialAction\":[{\"@type\":\"ReadAction\",\"target\":[\"https:\\\/\\\/iamerica.org\\\/am\\\/legal-help\\\/\"]}]},{\"@type\":\"ImageObject\",\"inLanguage\":\"de-DE\",\"@id\":\"https:\\\/\\\/iamerica.org\\\/am\\\/legal-help\\\/#primaryimage\",\"url\":\"https:\\\/\\\/iamerica.org\\\/wp-content\\\/uploads\\\/2024\\\/05\\\/iAmerica-Legal-Help-scaled.webp\",\"contentUrl\":\"https:\\\/\\\/iamerica.org\\\/wp-content\\\/uploads\\\/2024\\\/05\\\/iAmerica-Legal-Help-scaled.webp\",\"width\":2560,\"height\":418,\"caption\":\"iAmerica Legal Help\"},{\"@type\":\"BreadcrumbList\",\"@id\":\"https:\\\/\\\/iamerica.org\\\/am\\\/legal-help\\\/#breadcrumb\",\"itemListElement\":[{\"@type\":\"ListItem\",\"position\":1,\"name\":\"Home\",\"item\":\"https:\\\/\\\/iamerica.org\\\/\"},{\"@type\":\"ListItem\",\"position\":2,\"name\":\"Legal Help\"}]},{\"@type\":\"WebSite\",\"@id\":\"https:\\\/\\\/iamerica.org\\\/ru\\\/#website\",\"url\":\"https:\\\/\\\/iamerica.org\\\/ru\\\/\",\"name\":\"iAmerica\",\"description\":\"\",\"publisher\":{\"@id\":\"https:\\\/\\\/iamerica.org\\\/ru\\\/#organization\"},\"potentialAction\":[{\"@type\":\"SearchAction\",\"target\":{\"@type\":\"EntryPoint\",\"urlTemplate\":\"https:\\\/\\\/iamerica.org\\\/ru\\\/?s={search_term_string}\"},\"query-input\":{\"@type\":\"PropertyValueSpecification\",\"valueRequired\":true,\"valueName\":\"search_term_string\"}}],\"inLanguage\":\"de-DE\"},{\"@type\":\"Organization\",\"@id\":\"https:\\\/\\\/iamerica.org\\\/ru\\\/#organization\",\"name\":\"iAmerica\",\"url\":\"https:\\\/\\\/iamerica.org\\\/ru\\\/\",\"logo\":{\"@type\":\"ImageObject\",\"inLanguage\":\"de-DE\",\"@id\":\"https:\\\/\\\/iamerica.org\\\/ru\\\/#\\\/schema\\\/logo\\\/image\\\/\",\"url\":\"https:\\\/\\\/iamerica.org\\\/wp-content\\\/uploads\\\/2024\\\/05\\\/iAmerica_Logo_Navy.png\",\"contentUrl\":\"https:\\\/\\\/iamerica.org\\\/wp-content\\\/uploads\\\/2024\\\/05\\\/iAmerica_Logo_Navy.png\",\"width\":2309,\"height\":626,\"caption\":\"iAmerica\"},\"image\":{\"@id\":\"https:\\\/\\\/iamerica.org\\\/ru\\\/#\\\/schema\\\/logo\\\/image\\\/\"},\"sameAs\":[\"https:\\\/\\\/www.facebook.com\\\/iAmericaorg\\\/\",\"https:\\\/\\\/x.com\\\/iamericaorg\",\"https:\\\/\\\/www.instagram.com\\\/iamericaorg\"]}]}<\/script>\n<!-- \/ Yoast SEO plugin. -->","yoast_head_json":{"title":"Rechtliche Hilfe - iAmerica","description":"Finden Sie rechtliche Hilfe mit iAmerica. Greifen Sie auf Ressourcen f\u00fcr rechtliche Unterst\u00fctzung zu, informieren Sie sich \u00fcber Ihre Rechte und stellen Sie eine Verbindung zu vertrauensw\u00fcrdigen Rechtsexperten her.","robots":{"index":"index","follow":"follow","max-snippet":"max-snippet:-1","max-image-preview":"max-image-preview:large","max-video-preview":"max-video-preview:-1"},"canonical":"https:\/\/iamerica.org\/de\/legal-help\/","og_locale":"de_DE","og_type":"article","og_title":"Legal Help - iAmerica","og_description":"Find legal help with iAmerica. Access resources for legal support, understand your rights, and connect with trusted legal professionals.","og_url":"https:\/\/iamerica.org\/de\/legal-help\/","og_site_name":"iAmerica","article_publisher":"https:\/\/www.facebook.com\/iAmericaorg\/","article_modified_time":"2024-07-10T22:09:39+00:00","og_image":[{"width":2560,"height":418,"url":"https:\/\/iamerica.org\/wp-content\/uploads\/2024\/05\/iAmerica-Legal-Help-scaled.webp","type":"image\/webp"}],"twitter_card":"summary_large_image","twitter_site":"@iamericaorg","twitter_misc":{"Gesch\u00e4tzte Lesezeit":"2 Minuten"},"schema":{"@context":"https:\/\/schema.org","@graph":[{"@type":"WebPage","@id":"https:\/\/iamerica.org\/am\/legal-help\/","url":"https:\/\/iamerica.org\/am\/legal-help\/","name":"Rechtliche Hilfe - iAmerica","isPartOf":{"@id":"https:\/\/iamerica.org\/ru\/#website"},"primaryImageOfPage":{"@id":"https:\/\/iamerica.org\/am\/legal-help\/#primaryimage"},"image":{"@id":"https:\/\/iamerica.org\/am\/legal-help\/#primaryimage"},"thumbnailUrl":"https:\/\/iamerica.org\/wp-content\/uploads\/2024\/05\/iAmerica-Legal-Help-scaled.webp","datePublished":"2024-05-14T23:53:10+00:00","dateModified":"2024-07-10T22:09:39+00:00","description":"Finden Sie rechtliche Hilfe mit iAmerica. Greifen Sie auf Ressourcen f\u00fcr rechtliche Unterst\u00fctzung zu, informieren Sie sich \u00fcber Ihre Rechte und stellen Sie eine Verbindung zu vertrauensw\u00fcrdigen Rechtsexperten her.","breadcrumb":{"@id":"https:\/\/iamerica.org\/am\/legal-help\/#breadcrumb"},"inLanguage":"de-DE","potentialAction":[{"@type":"ReadAction","target":["https:\/\/iamerica.org\/am\/legal-help\/"]}]},{"@type":"ImageObject","inLanguage":"de-DE","@id":"https:\/\/iamerica.org\/am\/legal-help\/#primaryimage","url":"https:\/\/iamerica.org\/wp-content\/uploads\/2024\/05\/iAmerica-Legal-Help-scaled.webp","contentUrl":"https:\/\/iamerica.org\/wp-content\/uploads\/2024\/05\/iAmerica-Legal-Help-scaled.webp","width":2560,"height":418,"caption":"iAmerica Legal Help"},{"@type":"BreadcrumbList","@id":"https:\/\/iamerica.org\/am\/legal-help\/#breadcrumb","itemListElement":[{"@type":"ListItem","position":1,"name":"Home","item":"https:\/\/iamerica.org\/"},{"@type":"ListItem","position":2,"name":"Legal Help"}]},{"@type":"WebSite","@id":"https:\/\/iamerica.org\/ru\/#website","url":"https:\/\/iamerica.org\/ru\/","name":"iAmerika","description":"","publisher":{"@id":"https:\/\/iamerica.org\/ru\/#organization"},"potentialAction":[{"@type":"SearchAction","target":{"@type":"EntryPoint","urlTemplate":"https:\/\/iamerica.org\/ru\/?s={search_term_string}"},"query-input":{"@type":"PropertyValueSpecification","valueRequired":true,"valueName":"search_term_string"}}],"inLanguage":"de-DE"},{"@type":"Organization","@id":"https:\/\/iamerica.org\/ru\/#organization","name":"iAmerika","url":"https:\/\/iamerica.org\/ru\/","logo":{"@type":"ImageObject","inLanguage":"de-DE","@id":"https:\/\/iamerica.org\/ru\/#\/schema\/logo\/image\/","url":"https:\/\/iamerica.org\/wp-content\/uploads\/2024\/05\/iAmerica_Logo_Navy.png","contentUrl":"https:\/\/iamerica.org\/wp-content\/uploads\/2024\/05\/iAmerica_Logo_Navy.png","width":2309,"height":626,"caption":"iAmerica"},"image":{"@id":"https:\/\/iamerica.org\/ru\/#\/schema\/logo\/image\/"},"sameAs":["https:\/\/www.facebook.com\/iAmericaorg\/","https:\/\/x.com\/iamericaorg","https:\/\/www.instagram.com\/iamericaorg"]}]}},"_links":{"self":[{"href":"https:\/\/iamerica.org\/de\/wp-json\/wp\/v2\/pages\/569","targetHints":{"allow":["GET"]}}],"collection":[{"href":"https:\/\/iamerica.org\/de\/wp-json\/wp\/v2\/pages"}],"about":[{"href":"https:\/\/iamerica.org\/de\/wp-json\/wp\/v2\/types\/page"}],"author":[{"embeddable":true,"href":"https:\/\/iamerica.org\/de\/wp-json\/wp\/v2\/users\/1"}],"replies":[{"embeddable":true,"href":"https:\/\/iamerica.org\/de\/wp-json\/wp\/v2\/comments?post=569"}],"version-history":[{"count":0,"href":"https:\/\/iamerica.org\/de\/wp-json\/wp\/v2\/pages\/569\/revisions"}],"wp:featuredmedia":[{"embeddable":true,"href":"https:\/\/iamerica.org\/de\/wp-json\/wp\/v2\/media\/1180"}],"wp:attachment":[{"href":"https:\/\/iamerica.org\/de\/wp-json\/wp\/v2\/media?parent=569"}],"curies":[{"name":"wp","href":"https:\/\/api.w.org\/{rel}","templated":true}]}}