{"id":569,"date":"2024-05-14T23:53:10","date_gmt":"2024-05-14T23:53:10","guid":{"rendered":"https:\/\/iamerica.wpenginepowered.com\/?page_id=569"},"modified":"2024-07-10T18:09:39","modified_gmt":"2024-07-10T22:09:39","slug":"legal-help","status":"publish","type":"page","link":"https:\/\/iamerica.org\/es\/legal-help\/","title":{"rendered":"Ayuda Legal"},"content":{"rendered":"<div data-elementor-type=\"wp-page\" data-elementor-id=\"569\" class=\"elementor elementor-569\" data-elementor-post-type=\"page\">\n\t\t\t\t\t\t<section class=\"elementor-section elementor-top-section elementor-element elementor-element-fc4b37f elementor-section-boxed elementor-section-height-default elementor-section-height-default\" data-id=\"fc4b37f\" data-element_type=\"section\" data-e-type=\"section\">\n\t\t\t\t\t\t<div class=\"elementor-container elementor-column-gap-wider\">\n\t\t\t\t\t<div class=\"elementor-column elementor-col-66 elementor-top-column elementor-element elementor-element-849365e\" data-id=\"849365e\" data-element_type=\"column\" data-e-type=\"column\">\n\t\t\t<div class=\"elementor-widget-wrap elementor-element-populated\">\n\t\t\t\t\t\t<div class=\"elementor-element elementor-element-d3f99cd elementor-widget elementor-widget-text-editor\" data-id=\"d3f99cd\" data-element_type=\"widget\" data-e-type=\"widget\" data-widget_type=\"text-editor.default\">\n\t\t\t\t<div class=\"elementor-widget-container\">\n\t\t\t\t\t\t\t\t\t<p><span style=\"font-weight: 400;\">No se deje enga\u00f1ar por \"notarios\" o estafadores. Encuentre un abogado migratorio de buena reputaci\u00f3n o proveedor de servicios legales en su \u00e1rea introduciendo su c\u00f3digo postal a continuaci\u00f3n.<\/span><\/p>\n<p><span style=\"font-weight: 400;\">\u00bfTiene una pr\u00f3xima cita en el tribunal de inmigraci\u00f3n o le han ordenado presentarse ante las autoridades de inmigraci\u00f3n (ICE)? Si es as\u00ed, deber\u00eda:<\/span><\/p>\t\t\t\t\t\t\t\t<\/div>\n\t\t\t\t<\/div>\n\t\t\t\t<div class=\"elementor-element elementor-element-cc060d7 elementor-align-start elementor-icon-list--layout-traditional elementor-list-item-link-full_width elementor-widget elementor-widget-icon-list\" data-id=\"cc060d7\" data-element_type=\"widget\" data-e-type=\"widget\" data-widget_type=\"icon-list.default\">\n\t\t\t\t<div class=\"elementor-widget-container\">\n\t\t\t\t\t\t\t<ul class=\"elementor-icon-list-items\">\n\t\t\t\t\t\t\t<li class=\"elementor-icon-list-item\">\n\t\t\t\t\t\t\t\t\t\t\t<span class=\"elementor-icon-list-icon\">\n\t\t\t\t\t\t\t<svg aria-hidden=\"true\" class=\"e-font-icon-svg e-fas-check-circle\" viewbox=\"0 0 512 512\" xmlns=\"http:\/\/www.w3.org\/2000\/svg\"><path d=\"M504 256c0 136.967-111.033 248-248 248S8 392.967 8 256 119.033 8 256 8s248 111.033 248 248zM227.314 387.314l184-184c6.248-6.248 6.248-16.379 0-22.627l-22.627-22.627c-6.248-6.249-16.379-6.249-22.628 0L216 308.118l-70.059-70.059c-6.248-6.248-16.379-6.248-22.628 0l-22.627 22.627c-6.248 6.248-6.248 16.379 0 22.627l104 104c6.249 6.249 16.379 6.249 22.628.001z\"><\/path><\/svg>\t\t\t\t\t\t<\/span>\n\t\t\t\t\t\t\t\t\t\t<span class=\"elementor-icon-list-text\">Obtener inmediatamente consejos de una fuente de fiar como un abogado inmigratorio de buena reputaci\u00f3n o una agencia sin fin de lucro.<\/span>\n\t\t\t\t\t\t\t\t\t<\/li>\n\t\t\t\t\t\t\t\t<li class=\"elementor-icon-list-item\">\n\t\t\t\t\t\t\t\t\t\t\t<span class=\"elementor-icon-list-icon\">\n\t\t\t\t\t\t\t<svg aria-hidden=\"true\" class=\"e-font-icon-svg e-fas-check-circle\" viewbox=\"0 0 512 512\" xmlns=\"http:\/\/www.w3.org\/2000\/svg\"><path d=\"M504 256c0 136.967-111.033 248-248 248S8 392.967 8 256 119.033 8 256 8s248 111.033 248 248zM227.314 387.314l184-184c6.248-6.248 6.248-16.379 0-22.627l-22.627-22.627c-6.248-6.249-16.379-6.249-22.628 0L216 308.118l-70.059-70.059c-6.248-6.248-16.379-6.248-22.628 0l-22.627 22.627c-6.248 6.248-6.248 16.379 0 22.627l104 104c6.249 6.249 16.379 6.249 22.628.001z\"><\/path><\/svg>\t\t\t\t\t\t<\/span>\n\t\t\t\t\t\t\t\t\t\t<span class=\"elementor-icon-list-text\">Si todav\u00eda no tiene un abogado, haga clic aqu\u00ed para una lista de agencias sin fines de lucro que proveen ayuda legal gratis o a bajo costo.<\/span>\n\t\t\t\t\t\t\t\t\t<\/li>\n\t\t\t\t\t\t<\/ul>\n\t\t\t\t\t\t<\/div>\n\t\t\t\t<\/div>\n\t\t\t\t<div class=\"elementor-element elementor-element-a81b80c elementor-widget elementor-widget-text-editor\" data-id=\"a81b80c\" data-element_type=\"widget\" data-e-type=\"widget\" data-widget_type=\"text-editor.default\">\n\t\t\t\t<div class=\"elementor-widget-container\">\n\t\t\t\t\t\t\t\t\t<p><span style=\"font-weight: 400;\">Recuerde. No vaya a la corte de inmigraci\u00f3n solo, y no conf\u00ede en \u00abnotarios\u00bb o cualquier otra persona que no tiene licencia, hace falsas promesas, o cobra honorarios excesivos.<\/span><\/p>\t\t\t\t\t\t\t\t<\/div>\n\t\t\t\t<\/div>\n\t\t\t\t<div class=\"elementor-element elementor-element-3807ab2 elementor-widget elementor-widget-heading\" data-id=\"3807ab2\" data-element_type=\"widget\" data-e-type=\"widget\" data-widget_type=\"heading.default\">\n\t\t\t\t<div class=\"elementor-widget-container\">\n\t\t\t\t\t<h4 class=\"elementor-heading-title elementor-size-default\">Vea nuestro directorio legal<\/h4>\t\t\t\t<\/div>\n\t\t\t\t<\/div>\n\t\t\t\t<div class=\"elementor-element elementor-element-5b3f6c4 elementor-widget elementor-widget-html\" data-id=\"5b3f6c4\" data-element_type=\"widget\" data-e-type=\"widget\" data-widget_type=\"html.default\">\n\t\t\t\t<div class=\"elementor-widget-container\">\n\t\t\t\t\t<div id=\"legal-organizations\"><\/div>\t\t\t\t<\/div>\n\t\t\t\t<\/div>\n\t\t\t\t<div class=\"elementor-element elementor-element-abbcba3 elementor-widget elementor-widget-text-editor\" data-id=\"abbcba3\" data-element_type=\"widget\" data-e-type=\"widget\" data-widget_type=\"text-editor.default\">\n\t\t\t\t<div class=\"elementor-widget-container\">\n\t\t\t\t\t\t\t\t\t<p><span style=\"font-weight: 400;\">NOTA: La recepci\u00f3n de la informaci\u00f3n contenida en este sitio web no pretende crear, y su recepci\u00f3n no constituye, un contrato de representaci\u00f3n por parte de ning\u00fan abogado ni crea una relaci\u00f3n abogado-cliente. Esta informaci\u00f3n no pretende sustituir el asesoramiento jur\u00eddico de un abogado. Ninguna persona debe actuar o confiar en la informaci\u00f3n contenida en este sitio sin solicitar el asesoramiento de un abogado.<\/span><\/p><p><span style=\"font-weight: 400;\">Tenga en cuenta que el env\u00edo de un mensaje de correo electr\u00f3nico a iAmerica no obliga contractualmente a iAmerica a representarle como abogado o de cualquier otra forma. Los grupos comunitarios que ofrecen servicios jur\u00eddicos y que figuran en este directorio no pueden actuar como sus asesores en ning\u00fan asunto a menos que usted y ellos acuerden expresamente, por escrito, que actuaremos como su abogado o representante.<\/span><\/p>\t\t\t\t\t\t\t\t<\/div>\n\t\t\t\t<\/div>\n\t\t\t\t\t<\/div>\n\t\t<\/div>\n\t\t\t\t<div class=\"elementor-column elementor-col-33 elementor-top-column elementor-element elementor-element-6520d7e\" data-id=\"6520d7e\" data-element_type=\"column\" data-e-type=\"column\">\n\t\t\t<div class=\"elementor-widget-wrap\">\n\t\t\t\t\t\t\t<\/div>\n\t\t<\/div>\n\t\t\t\t\t<\/div>\n\t\t<\/section>\n\t\t\t\t<\/div>","protected":false},"excerpt":{"rendered":"<p>Don\u2019t be fooled by &#8220;notarios&#8221; or scammers. Find a reputable immigration attorney or legal services provider in your area by entering your zip code below. Do you have an upcoming immigration court date or have you been ordered to report to the immigration authorities (ICE)? If so, you should: Immediately get advice from a trustworthy [&hellip;]<\/p>\n","protected":false},"author":1,"featured_media":1180,"parent":0,"menu_order":0,"comment_status":"closed","ping_status":"closed","template":"","meta":{"footnotes":"","_links_to":"","_links_to_target":""},"class_list":["post-569","page","type-page","status-publish","has-post-thumbnail","hentry"],"yoast_head":"<!-- This site is optimized with the Yoast SEO plugin v27.3 - https:\/\/yoast.com\/product\/yoast-seo-wordpress\/ -->\n<title>Legal Help - iAmerica<\/title>\n<meta name=\"description\" content=\"Find legal help with iAmerica. Access resources for legal support, understand your rights, and connect with trusted legal professionals.\" \/>\n<meta name=\"robots\" content=\"index, follow, max-snippet:-1, max-image-preview:large, max-video-preview:-1\" \/>\n<link rel=\"canonical\" href=\"https:\/\/iamerica.org\/es\/legal-help\/\" \/>\n<meta property=\"og:locale\" content=\"es_MX\" \/>\n<meta property=\"og:type\" content=\"article\" \/>\n<meta property=\"og:title\" content=\"Legal Help - iAmerica\" \/>\n<meta property=\"og:description\" content=\"Find legal help with iAmerica. Access resources for legal support, understand your rights, and connect with trusted legal professionals.\" \/>\n<meta property=\"og:url\" content=\"https:\/\/iamerica.org\/es\/legal-help\/\" \/>\n<meta property=\"og:site_name\" content=\"iAmerica\" \/>\n<meta property=\"article:publisher\" content=\"https:\/\/www.facebook.com\/iAmericaorg\/\" \/>\n<meta property=\"article:modified_time\" content=\"2024-07-10T22:09:39+00:00\" \/>\n<meta property=\"og:image\" content=\"https:\/\/iamerica.org\/wp-content\/uploads\/2024\/05\/iAmerica-Legal-Help-scaled.webp\" \/>\n\t<meta property=\"og:image:width\" content=\"2560\" \/>\n\t<meta property=\"og:image:height\" content=\"418\" \/>\n\t<meta property=\"og:image:type\" content=\"image\/webp\" \/>\n<meta name=\"twitter:card\" content=\"summary_large_image\" \/>\n<meta name=\"twitter:site\" content=\"@iamericaorg\" \/>\n<meta name=\"twitter:label1\" content=\"Tiempo de lectura\" \/>\n\t<meta name=\"twitter:data1\" content=\"2 minutos\" \/>\n<script type=\"application\/ld+json\" class=\"yoast-schema-graph\">{\"@context\":\"https:\\\/\\\/schema.org\",\"@graph\":[{\"@type\":\"WebPage\",\"@id\":\"https:\\\/\\\/iamerica.org\\\/am\\\/legal-help\\\/\",\"url\":\"https:\\\/\\\/iamerica.org\\\/am\\\/legal-help\\\/\",\"name\":\"Legal Help - iAmerica\",\"isPartOf\":{\"@id\":\"https:\\\/\\\/iamerica.org\\\/ru\\\/#website\"},\"primaryImageOfPage\":{\"@id\":\"https:\\\/\\\/iamerica.org\\\/am\\\/legal-help\\\/#primaryimage\"},\"image\":{\"@id\":\"https:\\\/\\\/iamerica.org\\\/am\\\/legal-help\\\/#primaryimage\"},\"thumbnailUrl\":\"https:\\\/\\\/iamerica.org\\\/wp-content\\\/uploads\\\/2024\\\/05\\\/iAmerica-Legal-Help-scaled.webp\",\"datePublished\":\"2024-05-14T23:53:10+00:00\",\"dateModified\":\"2024-07-10T22:09:39+00:00\",\"description\":\"Find legal help with iAmerica. Access resources for legal support, understand your rights, and connect with trusted legal professionals.\",\"breadcrumb\":{\"@id\":\"https:\\\/\\\/iamerica.org\\\/am\\\/legal-help\\\/#breadcrumb\"},\"inLanguage\":\"es\",\"potentialAction\":[{\"@type\":\"ReadAction\",\"target\":[\"https:\\\/\\\/iamerica.org\\\/am\\\/legal-help\\\/\"]}]},{\"@type\":\"ImageObject\",\"inLanguage\":\"es\",\"@id\":\"https:\\\/\\\/iamerica.org\\\/am\\\/legal-help\\\/#primaryimage\",\"url\":\"https:\\\/\\\/iamerica.org\\\/wp-content\\\/uploads\\\/2024\\\/05\\\/iAmerica-Legal-Help-scaled.webp\",\"contentUrl\":\"https:\\\/\\\/iamerica.org\\\/wp-content\\\/uploads\\\/2024\\\/05\\\/iAmerica-Legal-Help-scaled.webp\",\"width\":2560,\"height\":418,\"caption\":\"iAmerica Legal Help\"},{\"@type\":\"BreadcrumbList\",\"@id\":\"https:\\\/\\\/iamerica.org\\\/am\\\/legal-help\\\/#breadcrumb\",\"itemListElement\":[{\"@type\":\"ListItem\",\"position\":1,\"name\":\"Home\",\"item\":\"https:\\\/\\\/iamerica.org\\\/\"},{\"@type\":\"ListItem\",\"position\":2,\"name\":\"Legal Help\"}]},{\"@type\":\"WebSite\",\"@id\":\"https:\\\/\\\/iamerica.org\\\/ru\\\/#website\",\"url\":\"https:\\\/\\\/iamerica.org\\\/ru\\\/\",\"name\":\"iAmerica\",\"description\":\"\",\"publisher\":{\"@id\":\"https:\\\/\\\/iamerica.org\\\/ru\\\/#organization\"},\"potentialAction\":[{\"@type\":\"SearchAction\",\"target\":{\"@type\":\"EntryPoint\",\"urlTemplate\":\"https:\\\/\\\/iamerica.org\\\/ru\\\/?s={search_term_string}\"},\"query-input\":{\"@type\":\"PropertyValueSpecification\",\"valueRequired\":true,\"valueName\":\"search_term_string\"}}],\"inLanguage\":\"es\"},{\"@type\":\"Organization\",\"@id\":\"https:\\\/\\\/iamerica.org\\\/ru\\\/#organization\",\"name\":\"iAmerica\",\"url\":\"https:\\\/\\\/iamerica.org\\\/ru\\\/\",\"logo\":{\"@type\":\"ImageObject\",\"inLanguage\":\"es\",\"@id\":\"https:\\\/\\\/iamerica.org\\\/ru\\\/#\\\/schema\\\/logo\\\/image\\\/\",\"url\":\"https:\\\/\\\/iamerica.org\\\/wp-content\\\/uploads\\\/2024\\\/05\\\/iAmerica_Logo_Navy.png\",\"contentUrl\":\"https:\\\/\\\/iamerica.org\\\/wp-content\\\/uploads\\\/2024\\\/05\\\/iAmerica_Logo_Navy.png\",\"width\":2309,\"height\":626,\"caption\":\"iAmerica\"},\"image\":{\"@id\":\"https:\\\/\\\/iamerica.org\\\/ru\\\/#\\\/schema\\\/logo\\\/image\\\/\"},\"sameAs\":[\"https:\\\/\\\/www.facebook.com\\\/iAmericaorg\\\/\",\"https:\\\/\\\/x.com\\\/iamericaorg\",\"https:\\\/\\\/www.instagram.com\\\/iamericaorg\"]}]}<\/script>\n<!-- \/ Yoast SEO plugin. -->","yoast_head_json":{"title":"Ayuda jur\u00eddica - iAmerica","description":"Encuentra ayuda legal con iAmerica. Acceda a recursos de apoyo legal, conozca sus derechos y con\u00e9ctese con profesionales jur\u00eddicos de confianza.","robots":{"index":"index","follow":"follow","max-snippet":"max-snippet:-1","max-image-preview":"max-image-preview:large","max-video-preview":"max-video-preview:-1"},"canonical":"https:\/\/iamerica.org\/es\/legal-help\/","og_locale":"es_MX","og_type":"article","og_title":"Legal Help - iAmerica","og_description":"Find legal help with iAmerica. Access resources for legal support, understand your rights, and connect with trusted legal professionals.","og_url":"https:\/\/iamerica.org\/es\/legal-help\/","og_site_name":"iAmerica","article_publisher":"https:\/\/www.facebook.com\/iAmericaorg\/","article_modified_time":"2024-07-10T22:09:39+00:00","og_image":[{"width":2560,"height":418,"url":"https:\/\/iamerica.org\/wp-content\/uploads\/2024\/05\/iAmerica-Legal-Help-scaled.webp","type":"image\/webp"}],"twitter_card":"summary_large_image","twitter_site":"@iamericaorg","twitter_misc":{"Tiempo de lectura":"2 minutos"},"schema":{"@context":"https:\/\/schema.org","@graph":[{"@type":"WebPage","@id":"https:\/\/iamerica.org\/am\/legal-help\/","url":"https:\/\/iamerica.org\/am\/legal-help\/","name":"Ayuda jur\u00eddica - iAmerica","isPartOf":{"@id":"https:\/\/iamerica.org\/ru\/#website"},"primaryImageOfPage":{"@id":"https:\/\/iamerica.org\/am\/legal-help\/#primaryimage"},"image":{"@id":"https:\/\/iamerica.org\/am\/legal-help\/#primaryimage"},"thumbnailUrl":"https:\/\/iamerica.org\/wp-content\/uploads\/2024\/05\/iAmerica-Legal-Help-scaled.webp","datePublished":"2024-05-14T23:53:10+00:00","dateModified":"2024-07-10T22:09:39+00:00","description":"Encuentra ayuda legal con iAmerica. Acceda a recursos de apoyo legal, conozca sus derechos y con\u00e9ctese con profesionales jur\u00eddicos de confianza.","breadcrumb":{"@id":"https:\/\/iamerica.org\/am\/legal-help\/#breadcrumb"},"inLanguage":"es","potentialAction":[{"@type":"ReadAction","target":["https:\/\/iamerica.org\/am\/legal-help\/"]}]},{"@type":"ImageObject","inLanguage":"es","@id":"https:\/\/iamerica.org\/am\/legal-help\/#primaryimage","url":"https:\/\/iamerica.org\/wp-content\/uploads\/2024\/05\/iAmerica-Legal-Help-scaled.webp","contentUrl":"https:\/\/iamerica.org\/wp-content\/uploads\/2024\/05\/iAmerica-Legal-Help-scaled.webp","width":2560,"height":418,"caption":"iAmerica Legal Help"},{"@type":"BreadcrumbList","@id":"https:\/\/iamerica.org\/am\/legal-help\/#breadcrumb","itemListElement":[{"@type":"ListItem","position":1,"name":"Home","item":"https:\/\/iamerica.org\/"},{"@type":"ListItem","position":2,"name":"Legal Help"}]},{"@type":"WebSite","@id":"https:\/\/iamerica.org\/ru\/#website","url":"https:\/\/iamerica.org\/ru\/","name":"iAmerica","description":"","publisher":{"@id":"https:\/\/iamerica.org\/ru\/#organization"},"potentialAction":[{"@type":"SearchAction","target":{"@type":"EntryPoint","urlTemplate":"https:\/\/iamerica.org\/ru\/?s={search_term_string}"},"query-input":{"@type":"PropertyValueSpecification","valueRequired":true,"valueName":"search_term_string"}}],"inLanguage":"es"},{"@type":"Organization","@id":"https:\/\/iamerica.org\/ru\/#organization","name":"iAmerica","url":"https:\/\/iamerica.org\/ru\/","logo":{"@type":"ImageObject","inLanguage":"es","@id":"https:\/\/iamerica.org\/ru\/#\/schema\/logo\/image\/","url":"https:\/\/iamerica.org\/wp-content\/uploads\/2024\/05\/iAmerica_Logo_Navy.png","contentUrl":"https:\/\/iamerica.org\/wp-content\/uploads\/2024\/05\/iAmerica_Logo_Navy.png","width":2309,"height":626,"caption":"iAmerica"},"image":{"@id":"https:\/\/iamerica.org\/ru\/#\/schema\/logo\/image\/"},"sameAs":["https:\/\/www.facebook.com\/iAmericaorg\/","https:\/\/x.com\/iamericaorg","https:\/\/www.instagram.com\/iamericaorg"]}]}},"_links":{"self":[{"href":"https:\/\/iamerica.org\/es\/wp-json\/wp\/v2\/pages\/569","targetHints":{"allow":["GET"]}}],"collection":[{"href":"https:\/\/iamerica.org\/es\/wp-json\/wp\/v2\/pages"}],"about":[{"href":"https:\/\/iamerica.org\/es\/wp-json\/wp\/v2\/types\/page"}],"author":[{"embeddable":true,"href":"https:\/\/iamerica.org\/es\/wp-json\/wp\/v2\/users\/1"}],"replies":[{"embeddable":true,"href":"https:\/\/iamerica.org\/es\/wp-json\/wp\/v2\/comments?post=569"}],"version-history":[{"count":0,"href":"https:\/\/iamerica.org\/es\/wp-json\/wp\/v2\/pages\/569\/revisions"}],"wp:featuredmedia":[{"embeddable":true,"href":"https:\/\/iamerica.org\/es\/wp-json\/wp\/v2\/media\/1180"}],"wp:attachment":[{"href":"https:\/\/iamerica.org\/es\/wp-json\/wp\/v2\/media?parent=569"}],"curies":[{"name":"wp","href":"https:\/\/api.w.org\/{rel}","templated":true}]}}