{"id":2607,"date":"2024-07-29T13:01:24","date_gmt":"2024-07-29T17:01:24","guid":{"rendered":"https:\/\/iamerica.org\/?page_id=2607"},"modified":"2024-08-06T11:11:07","modified_gmt":"2024-08-06T15:11:07","slug":"media-release","status":"publish","type":"page","link":"https:\/\/iamerica.org\/fr\/media-release\/","title":{"rendered":"Communiqu\u00e9 de presse"},"content":{"rendered":"<p>Je donne mon accord \u00e0 iAmerica, \u00e0 l'UIES, \u00e0 ses sections locales et \u00e0 ses affili\u00e9s, ainsi qu'\u00e0 ses partenaires strat\u00e9giques pour l'utilisation et la publication de mon nom et\/ou de toutes les d\u00e9clarations que j'ai faites \u00e0 iAmerica. Je donne \u00e0 iAmerica l'autorisation de publier ce mat\u00e9riel sur papier, sur Internet, \u00e0 la t\u00e9l\u00e9vision et \u00e0 la radio, et\/ou par le biais de tout autre m\u00e9dia. Je renonce \u00e0 tout droit que je pourrais avoir d'inspecter ou d'approuver tout produit fini incorporant ce mat\u00e9riel. J'accepte de d\u00e9gager iAmerica de toute responsabilit\u00e9 et de toute r\u00e9clamation d\u00e9coulant de l'utilisation, de la publication et\/ou de la divulgation de ce mat\u00e9riel.<\/p>","protected":false},"excerpt":{"rendered":"<p>I give my consent to iAmerica, SEIU, its locals and affiliates, and its strategic partners to use and publish my name and\/or any statements I have given to iAmerica. I give iAmerica my permission to publish this material in print, on the Internet, over TV and radio, and\/or through any other media. I waive any [&hellip;]<\/p>\n","protected":false},"author":5,"featured_media":2400,"parent":0,"menu_order":0,"comment_status":"closed","ping_status":"closed","template":"","meta":{"footnotes":"","_links_to":"","_links_to_target":""},"class_list":["post-2607","page","type-page","status-publish","has-post-thumbnail","hentry"],"yoast_head":"<!-- This site is optimized with the Yoast SEO plugin v27.3 - https:\/\/yoast.com\/product\/yoast-seo-wordpress\/ -->\n<title>Media Release - iAmerica<\/title>\n<meta name=\"robots\" content=\"index, follow, max-snippet:-1, max-image-preview:large, max-video-preview:-1\" \/>\n<link rel=\"canonical\" href=\"https:\/\/iamerica.org\/fr\/media-release\/\" \/>\n<meta property=\"og:locale\" content=\"fr_FR\" \/>\n<meta property=\"og:type\" content=\"article\" \/>\n<meta property=\"og:title\" content=\"Media Release - iAmerica\" \/>\n<meta property=\"og:description\" content=\"I give my consent to iAmerica, SEIU, its locals and affiliates, and its strategic partners to use and publish my name and\/or any statements I have given to iAmerica. I give iAmerica my permission to publish this material in print, on the Internet, over TV and radio, and\/or through any other media. I waive any [&hellip;]\" \/>\n<meta property=\"og:url\" content=\"https:\/\/iamerica.org\/fr\/media-release\/\" \/>\n<meta property=\"og:site_name\" content=\"iAmerica\" \/>\n<meta property=\"article:publisher\" content=\"https:\/\/www.facebook.com\/iAmericaorg\/\" \/>\n<meta property=\"article:modified_time\" content=\"2024-08-06T15:11:07+00:00\" \/>\n<meta property=\"og:image\" content=\"https:\/\/iamerica.org\/wp-content\/uploads\/2024\/07\/Rectangle-150.png\" \/>\n\t<meta property=\"og:image:width\" content=\"1440\" \/>\n\t<meta property=\"og:image:height\" content=\"235\" \/>\n\t<meta property=\"og:image:type\" content=\"image\/png\" \/>\n<meta name=\"twitter:card\" content=\"summary_large_image\" \/>\n<meta name=\"twitter:site\" content=\"@iamericaorg\" \/>\n<meta name=\"twitter:label1\" content=\"Dur\u00e9e de lecture estim\u00e9e\" \/>\n\t<meta name=\"twitter:data1\" content=\"1 minute\" \/>\n<script type=\"application\/ld+json\" class=\"yoast-schema-graph\">{\"@context\":\"https:\\\/\\\/schema.org\",\"@graph\":[{\"@type\":\"WebPage\",\"@id\":\"https:\\\/\\\/iamerica.org\\\/media-release\\\/\",\"url\":\"https:\\\/\\\/iamerica.org\\\/media-release\\\/\",\"name\":\"Media Release - iAmerica\",\"isPartOf\":{\"@id\":\"https:\\\/\\\/iamerica.org\\\/ru\\\/#website\"},\"primaryImageOfPage\":{\"@id\":\"https:\\\/\\\/iamerica.org\\\/media-release\\\/#primaryimage\"},\"image\":{\"@id\":\"https:\\\/\\\/iamerica.org\\\/media-release\\\/#primaryimage\"},\"thumbnailUrl\":\"https:\\\/\\\/iamerica.org\\\/wp-content\\\/uploads\\\/2024\\\/07\\\/Rectangle-150.png\",\"datePublished\":\"2024-07-29T17:01:24+00:00\",\"dateModified\":\"2024-08-06T15:11:07+00:00\",\"breadcrumb\":{\"@id\":\"https:\\\/\\\/iamerica.org\\\/media-release\\\/#breadcrumb\"},\"inLanguage\":\"fr-FR\",\"potentialAction\":[{\"@type\":\"ReadAction\",\"target\":[\"https:\\\/\\\/iamerica.org\\\/media-release\\\/\"]}]},{\"@type\":\"ImageObject\",\"inLanguage\":\"fr-FR\",\"@id\":\"https:\\\/\\\/iamerica.org\\\/media-release\\\/#primaryimage\",\"url\":\"https:\\\/\\\/iamerica.org\\\/wp-content\\\/uploads\\\/2024\\\/07\\\/Rectangle-150.png\",\"contentUrl\":\"https:\\\/\\\/iamerica.org\\\/wp-content\\\/uploads\\\/2024\\\/07\\\/Rectangle-150.png\",\"width\":1440,\"height\":235,\"caption\":\"Excited crowd of masked SEIU members holding up signs.\"},{\"@type\":\"BreadcrumbList\",\"@id\":\"https:\\\/\\\/iamerica.org\\\/media-release\\\/#breadcrumb\",\"itemListElement\":[{\"@type\":\"ListItem\",\"position\":1,\"name\":\"Home\",\"item\":\"https:\\\/\\\/iamerica.org\\\/\"},{\"@type\":\"ListItem\",\"position\":2,\"name\":\"Media Release\"}]},{\"@type\":\"WebSite\",\"@id\":\"https:\\\/\\\/iamerica.org\\\/ru\\\/#website\",\"url\":\"https:\\\/\\\/iamerica.org\\\/ru\\\/\",\"name\":\"iAmerica\",\"description\":\"\",\"publisher\":{\"@id\":\"https:\\\/\\\/iamerica.org\\\/ru\\\/#organization\"},\"potentialAction\":[{\"@type\":\"SearchAction\",\"target\":{\"@type\":\"EntryPoint\",\"urlTemplate\":\"https:\\\/\\\/iamerica.org\\\/ru\\\/?s={search_term_string}\"},\"query-input\":{\"@type\":\"PropertyValueSpecification\",\"valueRequired\":true,\"valueName\":\"search_term_string\"}}],\"inLanguage\":\"fr-FR\"},{\"@type\":\"Organization\",\"@id\":\"https:\\\/\\\/iamerica.org\\\/ru\\\/#organization\",\"name\":\"iAmerica\",\"url\":\"https:\\\/\\\/iamerica.org\\\/ru\\\/\",\"logo\":{\"@type\":\"ImageObject\",\"inLanguage\":\"fr-FR\",\"@id\":\"https:\\\/\\\/iamerica.org\\\/ru\\\/#\\\/schema\\\/logo\\\/image\\\/\",\"url\":\"https:\\\/\\\/iamerica.org\\\/wp-content\\\/uploads\\\/2024\\\/05\\\/iAmerica_Logo_Navy.png\",\"contentUrl\":\"https:\\\/\\\/iamerica.org\\\/wp-content\\\/uploads\\\/2024\\\/05\\\/iAmerica_Logo_Navy.png\",\"width\":2309,\"height\":626,\"caption\":\"iAmerica\"},\"image\":{\"@id\":\"https:\\\/\\\/iamerica.org\\\/ru\\\/#\\\/schema\\\/logo\\\/image\\\/\"},\"sameAs\":[\"https:\\\/\\\/www.facebook.com\\\/iAmericaorg\\\/\",\"https:\\\/\\\/x.com\\\/iamericaorg\",\"https:\\\/\\\/www.instagram.com\\\/iamericaorg\"]}]}<\/script>\n<!-- \/ Yoast SEO plugin. -->","yoast_head_json":{"title":"Communiqu\u00e9 de presse - iAmerica","robots":{"index":"index","follow":"follow","max-snippet":"max-snippet:-1","max-image-preview":"max-image-preview:large","max-video-preview":"max-video-preview:-1"},"canonical":"https:\/\/iamerica.org\/fr\/media-release\/","og_locale":"fr_FR","og_type":"article","og_title":"Media Release - iAmerica","og_description":"I give my consent to iAmerica, SEIU, its locals and affiliates, and its strategic partners to use and publish my name and\/or any statements I have given to iAmerica. I give iAmerica my permission to publish this material in print, on the Internet, over TV and radio, and\/or through any other media. I waive any [&hellip;]","og_url":"https:\/\/iamerica.org\/fr\/media-release\/","og_site_name":"iAmerica","article_publisher":"https:\/\/www.facebook.com\/iAmericaorg\/","article_modified_time":"2024-08-06T15:11:07+00:00","og_image":[{"width":1440,"height":235,"url":"https:\/\/iamerica.org\/wp-content\/uploads\/2024\/07\/Rectangle-150.png","type":"image\/png"}],"twitter_card":"summary_large_image","twitter_site":"@iamericaorg","twitter_misc":{"Dur\u00e9e de lecture estim\u00e9e":"1 minute"},"schema":{"@context":"https:\/\/schema.org","@graph":[{"@type":"WebPage","@id":"https:\/\/iamerica.org\/media-release\/","url":"https:\/\/iamerica.org\/media-release\/","name":"Communiqu\u00e9 de presse - iAmerica","isPartOf":{"@id":"https:\/\/iamerica.org\/ru\/#website"},"primaryImageOfPage":{"@id":"https:\/\/iamerica.org\/media-release\/#primaryimage"},"image":{"@id":"https:\/\/iamerica.org\/media-release\/#primaryimage"},"thumbnailUrl":"https:\/\/iamerica.org\/wp-content\/uploads\/2024\/07\/Rectangle-150.png","datePublished":"2024-07-29T17:01:24+00:00","dateModified":"2024-08-06T15:11:07+00:00","breadcrumb":{"@id":"https:\/\/iamerica.org\/media-release\/#breadcrumb"},"inLanguage":"fr-FR","potentialAction":[{"@type":"ReadAction","target":["https:\/\/iamerica.org\/media-release\/"]}]},{"@type":"ImageObject","inLanguage":"fr-FR","@id":"https:\/\/iamerica.org\/media-release\/#primaryimage","url":"https:\/\/iamerica.org\/wp-content\/uploads\/2024\/07\/Rectangle-150.png","contentUrl":"https:\/\/iamerica.org\/wp-content\/uploads\/2024\/07\/Rectangle-150.png","width":1440,"height":235,"caption":"Excited crowd of masked SEIU members holding up signs."},{"@type":"BreadcrumbList","@id":"https:\/\/iamerica.org\/media-release\/#breadcrumb","itemListElement":[{"@type":"ListItem","position":1,"name":"Home","item":"https:\/\/iamerica.org\/"},{"@type":"ListItem","position":2,"name":"Media Release"}]},{"@type":"WebSite","@id":"https:\/\/iamerica.org\/ru\/#website","url":"https:\/\/iamerica.org\/ru\/","name":"iAm\u00e9rique","description":"","publisher":{"@id":"https:\/\/iamerica.org\/ru\/#organization"},"potentialAction":[{"@type":"SearchAction","target":{"@type":"EntryPoint","urlTemplate":"https:\/\/iamerica.org\/ru\/?s={search_term_string}"},"query-input":{"@type":"PropertyValueSpecification","valueRequired":true,"valueName":"search_term_string"}}],"inLanguage":"fr-FR"},{"@type":"Organization","@id":"https:\/\/iamerica.org\/ru\/#organization","name":"iAm\u00e9rique","url":"https:\/\/iamerica.org\/ru\/","logo":{"@type":"ImageObject","inLanguage":"fr-FR","@id":"https:\/\/iamerica.org\/ru\/#\/schema\/logo\/image\/","url":"https:\/\/iamerica.org\/wp-content\/uploads\/2024\/05\/iAmerica_Logo_Navy.png","contentUrl":"https:\/\/iamerica.org\/wp-content\/uploads\/2024\/05\/iAmerica_Logo_Navy.png","width":2309,"height":626,"caption":"iAmerica"},"image":{"@id":"https:\/\/iamerica.org\/ru\/#\/schema\/logo\/image\/"},"sameAs":["https:\/\/www.facebook.com\/iAmericaorg\/","https:\/\/x.com\/iamericaorg","https:\/\/www.instagram.com\/iamericaorg"]}]}},"_links":{"self":[{"href":"https:\/\/iamerica.org\/fr\/wp-json\/wp\/v2\/pages\/2607","targetHints":{"allow":["GET"]}}],"collection":[{"href":"https:\/\/iamerica.org\/fr\/wp-json\/wp\/v2\/pages"}],"about":[{"href":"https:\/\/iamerica.org\/fr\/wp-json\/wp\/v2\/types\/page"}],"author":[{"embeddable":true,"href":"https:\/\/iamerica.org\/fr\/wp-json\/wp\/v2\/users\/5"}],"replies":[{"embeddable":true,"href":"https:\/\/iamerica.org\/fr\/wp-json\/wp\/v2\/comments?post=2607"}],"version-history":[{"count":0,"href":"https:\/\/iamerica.org\/fr\/wp-json\/wp\/v2\/pages\/2607\/revisions"}],"wp:featuredmedia":[{"embeddable":true,"href":"https:\/\/iamerica.org\/fr\/wp-json\/wp\/v2\/media\/2400"}],"wp:attachment":[{"href":"https:\/\/iamerica.org\/fr\/wp-json\/wp\/v2\/media?parent=2607"}],"curies":[{"name":"wp","href":"https:\/\/api.w.org\/{rel}","templated":true}]}}