{"id":2587,"date":"2024-07-16T11:37:12","date_gmt":"2024-07-16T15:37:12","guid":{"rendered":"https:\/\/iamerica.org\/?page_id=2587"},"modified":"2024-07-16T11:37:45","modified_gmt":"2024-07-16T15:37:45","slug":"terms-conditions","status":"publish","type":"page","link":"https:\/\/iamerica.org\/ht\/terms-conditions\/","title":{"rendered":"Terms &amp; Conditions"},"content":{"rendered":"<div data-elementor-type=\"wp-page\" data-elementor-id=\"2587\" class=\"elementor elementor-2587\" data-elementor-post-type=\"page\">\n\t\t\t\t\t\t<section class=\"elementor-section elementor-top-section elementor-element elementor-element-c555d23 elementor-section-boxed elementor-section-height-default elementor-section-height-default\" data-id=\"c555d23\" data-element_type=\"section\" data-e-type=\"section\">\n\t\t\t\t\t\t<div class=\"elementor-container elementor-column-gap-default\">\n\t\t\t\t\t<div class=\"elementor-column elementor-col-100 elementor-top-column elementor-element elementor-element-2ba2c4f\" data-id=\"2ba2c4f\" data-element_type=\"column\" data-e-type=\"column\">\n\t\t\t<div class=\"elementor-widget-wrap elementor-element-populated\">\n\t\t\t\t\t\t<div class=\"elementor-element elementor-element-f69412c elementor-widget elementor-widget-text-editor\" data-id=\"f69412c\" data-element_type=\"widget\" data-e-type=\"widget\" data-widget_type=\"text-editor.default\">\n\t\t\t\t<div class=\"elementor-widget-container\">\n\t\t\t\t\t\t\t\t\t<p>L\u00e8 mwen bay nimewo telef\u00f2n mwen an, mwen konprann ke iAmerica, ak patn\u00e8 estratejik li yo ki gen ladan SEIU ak moun nan lokalite ak afilye li yo ka itilize teknoloji ap\u00e8l otomatik ak\/oswa mesaj t\u00e8ks mwen sou telef\u00f2n selil\u00e8 mwen sou yon baz peryodik. iAmerica p&#039;ap janm peye pou al\u00e8t mesaj t\u00e8ks. Mesaj konpayi asirans ak pousantaj done yo ka aplike nan al\u00e8t sa yo. T\u00e8ks STOP nan 802495 pou sispann resevwa mesaj. T\u00e8ks HELP nan 802495 pou plis enf\u00f2masyon.<\/p>\t\t\t\t\t\t\t\t<\/div>\n\t\t\t\t<\/div>\n\t\t\t\t\t<\/div>\n\t\t<\/div>\n\t\t\t\t\t<\/div>\n\t\t<\/section>\n\t\t\t\t<\/div>","protected":false},"excerpt":{"rendered":"<p>By providing my phone number, I understand that iAmerica, and its strategic partners including SEIU and its locals and affiliates may use automated calling technologies and\/or text message me on my cellular phone on a periodic basis. iAmerica will never charge for text message alerts. Carrier message and data rates may apply to such alerts. [&hellip;]<\/p>\n","protected":false},"author":1,"featured_media":1151,"parent":0,"menu_order":0,"comment_status":"closed","ping_status":"closed","template":"","meta":{"footnotes":"","_links_to":"","_links_to_target":""},"class_list":["post-2587","page","type-page","status-publish","has-post-thumbnail","hentry"],"yoast_head":"<!-- This site is optimized with the Yoast SEO plugin v27.3 - https:\/\/yoast.com\/product\/yoast-seo-wordpress\/ -->\n<title>Terms &amp; Conditions - iAmerica<\/title>\n<meta name=\"description\" content=\"Review iAmerica&#039;s Privacy Policy to understand how we protect your personal information. Learn about our data collection, usage, and security practices to ensure your privacy and trust.\" \/>\n<meta name=\"robots\" content=\"index, follow, max-snippet:-1, max-image-preview:large, max-video-preview:-1\" \/>\n<link rel=\"canonical\" href=\"https:\/\/iamerica.org\/ht\/terms-conditions\/\" \/>\n<meta property=\"og:locale\" content=\"ht_HT\" \/>\n<meta property=\"og:type\" content=\"article\" \/>\n<meta property=\"og:title\" content=\"Terms &amp; Conditions - iAmerica\" \/>\n<meta property=\"og:description\" content=\"Review iAmerica&#039;s Privacy Policy to understand how we protect your personal information. Learn about our data collection, usage, and security practices to ensure your privacy and trust.\" \/>\n<meta property=\"og:url\" content=\"https:\/\/iamerica.org\/ht\/terms-conditions\/\" \/>\n<meta property=\"og:site_name\" content=\"iAmerica\" \/>\n<meta property=\"article:publisher\" content=\"https:\/\/www.facebook.com\/iAmericaorg\/\" \/>\n<meta property=\"article:modified_time\" content=\"2024-07-16T15:37:45+00:00\" \/>\n<meta property=\"og:image\" content=\"https:\/\/iamerica.org\/wp-content\/uploads\/2024\/05\/iAmerica-Temporary-Protected-Status-scaled.webp\" \/>\n\t<meta property=\"og:image:width\" content=\"2560\" \/>\n\t<meta property=\"og:image:height\" content=\"418\" \/>\n\t<meta property=\"og:image:type\" content=\"image\/webp\" \/>\n<meta name=\"twitter:card\" content=\"summary_large_image\" \/>\n<meta name=\"twitter:site\" content=\"@iamericaorg\" \/>\n<meta name=\"twitter:label1\" content=\"Est. reading time\" \/>\n\t<meta name=\"twitter:data1\" content=\"1 minute\" \/>\n<script type=\"application\/ld+json\" class=\"yoast-schema-graph\">{\"@context\":\"https:\\\/\\\/schema.org\",\"@graph\":[{\"@type\":\"WebPage\",\"@id\":\"https:\\\/\\\/iamerica.org\\\/terms-conditions\\\/\",\"url\":\"https:\\\/\\\/iamerica.org\\\/terms-conditions\\\/\",\"name\":\"Terms & Conditions - iAmerica\",\"isPartOf\":{\"@id\":\"https:\\\/\\\/iamerica.org\\\/ru\\\/#website\"},\"primaryImageOfPage\":{\"@id\":\"https:\\\/\\\/iamerica.org\\\/terms-conditions\\\/#primaryimage\"},\"image\":{\"@id\":\"https:\\\/\\\/iamerica.org\\\/terms-conditions\\\/#primaryimage\"},\"thumbnailUrl\":\"https:\\\/\\\/iamerica.org\\\/wp-content\\\/uploads\\\/2024\\\/05\\\/iAmerica-Temporary-Protected-Status-scaled.webp\",\"datePublished\":\"2024-07-16T15:37:12+00:00\",\"dateModified\":\"2024-07-16T15:37:45+00:00\",\"description\":\"Review iAmerica's Privacy Policy to understand how we protect your personal information. Learn about our data collection, usage, and security practices to ensure your privacy and trust.\",\"breadcrumb\":{\"@id\":\"https:\\\/\\\/iamerica.org\\\/terms-conditions\\\/#breadcrumb\"},\"inLanguage\":\"ht\",\"potentialAction\":[{\"@type\":\"ReadAction\",\"target\":[\"https:\\\/\\\/iamerica.org\\\/terms-conditions\\\/\"]}]},{\"@type\":\"ImageObject\",\"inLanguage\":\"ht\",\"@id\":\"https:\\\/\\\/iamerica.org\\\/terms-conditions\\\/#primaryimage\",\"url\":\"https:\\\/\\\/iamerica.org\\\/wp-content\\\/uploads\\\/2024\\\/05\\\/iAmerica-Temporary-Protected-Status-scaled.webp\",\"contentUrl\":\"https:\\\/\\\/iamerica.org\\\/wp-content\\\/uploads\\\/2024\\\/05\\\/iAmerica-Temporary-Protected-Status-scaled.webp\",\"width\":2560,\"height\":418,\"caption\":\"iAmerica Temporary Protected Status\"},{\"@type\":\"BreadcrumbList\",\"@id\":\"https:\\\/\\\/iamerica.org\\\/terms-conditions\\\/#breadcrumb\",\"itemListElement\":[{\"@type\":\"ListItem\",\"position\":1,\"name\":\"Home\",\"item\":\"https:\\\/\\\/iamerica.org\\\/\"},{\"@type\":\"ListItem\",\"position\":2,\"name\":\"Terms &#038; Conditions\"}]},{\"@type\":\"WebSite\",\"@id\":\"https:\\\/\\\/iamerica.org\\\/ru\\\/#website\",\"url\":\"https:\\\/\\\/iamerica.org\\\/ru\\\/\",\"name\":\"iAmerica\",\"description\":\"\",\"publisher\":{\"@id\":\"https:\\\/\\\/iamerica.org\\\/ru\\\/#organization\"},\"potentialAction\":[{\"@type\":\"SearchAction\",\"target\":{\"@type\":\"EntryPoint\",\"urlTemplate\":\"https:\\\/\\\/iamerica.org\\\/ru\\\/?s={search_term_string}\"},\"query-input\":{\"@type\":\"PropertyValueSpecification\",\"valueRequired\":true,\"valueName\":\"search_term_string\"}}],\"inLanguage\":\"ht\"},{\"@type\":\"Organization\",\"@id\":\"https:\\\/\\\/iamerica.org\\\/ru\\\/#organization\",\"name\":\"iAmerica\",\"url\":\"https:\\\/\\\/iamerica.org\\\/ru\\\/\",\"logo\":{\"@type\":\"ImageObject\",\"inLanguage\":\"ht\",\"@id\":\"https:\\\/\\\/iamerica.org\\\/ru\\\/#\\\/schema\\\/logo\\\/image\\\/\",\"url\":\"https:\\\/\\\/iamerica.org\\\/wp-content\\\/uploads\\\/2024\\\/05\\\/iAmerica_Logo_Navy.png\",\"contentUrl\":\"https:\\\/\\\/iamerica.org\\\/wp-content\\\/uploads\\\/2024\\\/05\\\/iAmerica_Logo_Navy.png\",\"width\":2309,\"height\":626,\"caption\":\"iAmerica\"},\"image\":{\"@id\":\"https:\\\/\\\/iamerica.org\\\/ru\\\/#\\\/schema\\\/logo\\\/image\\\/\"},\"sameAs\":[\"https:\\\/\\\/www.facebook.com\\\/iAmericaorg\\\/\",\"https:\\\/\\\/x.com\\\/iamericaorg\",\"https:\\\/\\\/www.instagram.com\\\/iamericaorg\"]}]}<\/script>\n<!-- \/ Yoast SEO plugin. -->","yoast_head_json":{"title":"T\u00e8m ak Kondisyon - iAmerica","description":"Revize R\u00e8gleman sou enf\u00f2masyon prive iAmerica a pou konprann kijan nou pwoteje enf\u00f2masyon p\u00e8son\u00e8l ou yo. Aprann sou pratik koleksyon done, itilizasyon ak sekirite nou yo pou asire vi prive ak konfyans ou.","robots":{"index":"index","follow":"follow","max-snippet":"max-snippet:-1","max-image-preview":"max-image-preview:large","max-video-preview":"max-video-preview:-1"},"canonical":"https:\/\/iamerica.org\/ht\/terms-conditions\/","og_locale":"ht_HT","og_type":"article","og_title":"Terms & Conditions - iAmerica","og_description":"Review iAmerica's Privacy Policy to understand how we protect your personal information. Learn about our data collection, usage, and security practices to ensure your privacy and trust.","og_url":"https:\/\/iamerica.org\/ht\/terms-conditions\/","og_site_name":"iAmerica","article_publisher":"https:\/\/www.facebook.com\/iAmericaorg\/","article_modified_time":"2024-07-16T15:37:45+00:00","og_image":[{"width":2560,"height":418,"url":"https:\/\/iamerica.org\/wp-content\/uploads\/2024\/05\/iAmerica-Temporary-Protected-Status-scaled.webp","type":"image\/webp"}],"twitter_card":"summary_large_image","twitter_site":"@iamericaorg","twitter_misc":{"Est. reading time":"1 minute"},"schema":{"@context":"https:\/\/schema.org","@graph":[{"@type":"WebPage","@id":"https:\/\/iamerica.org\/terms-conditions\/","url":"https:\/\/iamerica.org\/terms-conditions\/","name":"T\u00e8m ak Kondisyon - iAmerica","isPartOf":{"@id":"https:\/\/iamerica.org\/ru\/#website"},"primaryImageOfPage":{"@id":"https:\/\/iamerica.org\/terms-conditions\/#primaryimage"},"image":{"@id":"https:\/\/iamerica.org\/terms-conditions\/#primaryimage"},"thumbnailUrl":"https:\/\/iamerica.org\/wp-content\/uploads\/2024\/05\/iAmerica-Temporary-Protected-Status-scaled.webp","datePublished":"2024-07-16T15:37:12+00:00","dateModified":"2024-07-16T15:37:45+00:00","description":"Revize R\u00e8gleman sou enf\u00f2masyon prive iAmerica a pou konprann kijan nou pwoteje enf\u00f2masyon p\u00e8son\u00e8l ou yo. Aprann sou pratik koleksyon done, itilizasyon ak sekirite nou yo pou asire vi prive ak konfyans ou.","breadcrumb":{"@id":"https:\/\/iamerica.org\/terms-conditions\/#breadcrumb"},"inLanguage":"ht","potentialAction":[{"@type":"ReadAction","target":["https:\/\/iamerica.org\/terms-conditions\/"]}]},{"@type":"ImageObject","inLanguage":"ht","@id":"https:\/\/iamerica.org\/terms-conditions\/#primaryimage","url":"https:\/\/iamerica.org\/wp-content\/uploads\/2024\/05\/iAmerica-Temporary-Protected-Status-scaled.webp","contentUrl":"https:\/\/iamerica.org\/wp-content\/uploads\/2024\/05\/iAmerica-Temporary-Protected-Status-scaled.webp","width":2560,"height":418,"caption":"iAmerica Temporary Protected Status"},{"@type":"BreadcrumbList","@id":"https:\/\/iamerica.org\/terms-conditions\/#breadcrumb","itemListElement":[{"@type":"ListItem","position":1,"name":"Home","item":"https:\/\/iamerica.org\/"},{"@type":"ListItem","position":2,"name":"Terms &#038; Conditions"}]},{"@type":"WebSite","@id":"https:\/\/iamerica.org\/ru\/#website","url":"https:\/\/iamerica.org\/ru\/","name":"iAmerik","description":"","publisher":{"@id":"https:\/\/iamerica.org\/ru\/#organization"},"potentialAction":[{"@type":"SearchAction","target":{"@type":"EntryPoint","urlTemplate":"https:\/\/iamerica.org\/ru\/?s={search_term_string}"},"query-input":{"@type":"PropertyValueSpecification","valueRequired":true,"valueName":"search_term_string"}}],"inLanguage":"ht"},{"@type":"Organization","@id":"https:\/\/iamerica.org\/ru\/#organization","name":"iAmerik","url":"https:\/\/iamerica.org\/ru\/","logo":{"@type":"ImageObject","inLanguage":"ht","@id":"https:\/\/iamerica.org\/ru\/#\/schema\/logo\/image\/","url":"https:\/\/iamerica.org\/wp-content\/uploads\/2024\/05\/iAmerica_Logo_Navy.png","contentUrl":"https:\/\/iamerica.org\/wp-content\/uploads\/2024\/05\/iAmerica_Logo_Navy.png","width":2309,"height":626,"caption":"iAmerica"},"image":{"@id":"https:\/\/iamerica.org\/ru\/#\/schema\/logo\/image\/"},"sameAs":["https:\/\/www.facebook.com\/iAmericaorg\/","https:\/\/x.com\/iamericaorg","https:\/\/www.instagram.com\/iamericaorg"]}]}},"_links":{"self":[{"href":"https:\/\/iamerica.org\/ht\/wp-json\/wp\/v2\/pages\/2587","targetHints":{"allow":["GET"]}}],"collection":[{"href":"https:\/\/iamerica.org\/ht\/wp-json\/wp\/v2\/pages"}],"about":[{"href":"https:\/\/iamerica.org\/ht\/wp-json\/wp\/v2\/types\/page"}],"author":[{"embeddable":true,"href":"https:\/\/iamerica.org\/ht\/wp-json\/wp\/v2\/users\/1"}],"replies":[{"embeddable":true,"href":"https:\/\/iamerica.org\/ht\/wp-json\/wp\/v2\/comments?post=2587"}],"version-history":[{"count":0,"href":"https:\/\/iamerica.org\/ht\/wp-json\/wp\/v2\/pages\/2587\/revisions"}],"wp:featuredmedia":[{"embeddable":true,"href":"https:\/\/iamerica.org\/ht\/wp-json\/wp\/v2\/media\/1151"}],"wp:attachment":[{"href":"https:\/\/iamerica.org\/ht\/wp-json\/wp\/v2\/media?parent=2587"}],"curies":[{"name":"wp","href":"https:\/\/api.w.org\/{rel}","templated":true}]}}