{"id":922,"date":"2024-05-21T14:29:39","date_gmt":"2024-05-21T14:29:39","guid":{"rendered":"https:\/\/iamerica.wpenginepowered.com\/?page_id=922"},"modified":"2024-07-10T18:31:03","modified_gmt":"2024-07-10T22:31:03","slug":"path-to-citizenship","status":"publish","type":"page","link":"https:\/\/iamerica.org\/ht\/path-to-citizenship\/","title":{"rendered":"Chemen Sitway\u00e8nte"},"content":{"rendered":"<div data-elementor-type=\"wp-page\" data-elementor-id=\"922\" class=\"elementor elementor-922\" data-elementor-post-type=\"page\">\n\t\t\t\t\t\t<section class=\"elementor-section elementor-top-section elementor-element elementor-element-7826604 elementor-section-boxed elementor-section-height-default elementor-section-height-default\" data-id=\"7826604\" data-element_type=\"section\" data-e-type=\"section\">\n\t\t\t\t\t\t<div class=\"elementor-container elementor-column-gap-wider\">\n\t\t\t\t\t<div class=\"elementor-column elementor-col-50 elementor-top-column elementor-element elementor-element-32d4635\" data-id=\"32d4635\" data-element_type=\"column\" data-e-type=\"column\">\n\t\t\t<div class=\"elementor-widget-wrap elementor-element-populated\">\n\t\t\t\t\t\t<div class=\"elementor-element elementor-element-6b3fa64 elementor-widget elementor-widget-text-editor\" data-id=\"6b3fa64\" data-element_type=\"widget\" data-e-type=\"widget\" data-widget_type=\"text-editor.default\">\n\t\t\t\t<div class=\"elementor-widget-container\">\n\t\t\t\t\t\t\t\t\t<p>Imigran yo se manm ki gen anpil val\u00e8 nan kominote nou yo. Yo f\u00e8 travay esansy\u00e8l ki sip\u00f2te fanmi nou yo ak kondwi ekonomi nou an, tankou bay swen pou moun nou renmen yo, asire nou gen manje nourisan sou tab nou yo ak etaj\u00e8 mak\u00e8t nou yo, sekirize ak netwaye biwo nou yo ak ayewop\u00f2 yo, epi kenbe kominote nou yo fonksyone.\u00a0<\/p><p>Plizy\u00e8 milyon moun ap viv ak travay Ozetazini pandan plizy\u00e8 ane, yo elve fanmi yo, yo louvri biznis yo, epi yo kontribye nan kominote nou yo ak ekonomi nou yo. Yo se Ameriken nan tout fason eksepte sou papye. Mete imigran ki pa gen papye yo sou chemen sitway\u00e8nte bon pou tout moun. Li ta kenbe fanmi yo ansanm, kreye travay, ogmante sal\u00e8 ak ranf\u00f2se ekonomi ameriken an.<\/p><p><a href=\"https:\/\/iamerica.org\/ht\/join-us\/\">Join nou<\/a> nan mande pou Kongr\u00e8 a bay yon chemen pou sitway\u00e8nte pou 11 milyon imigran san papye nan Amerik ki esansy\u00e8l pou kominote nou yo.<\/p>\t\t\t\t\t\t\t\t<\/div>\n\t\t\t\t<\/div>\n\t\t\t\t<div class=\"elementor-element elementor-element-6456bd7 elementor-widget elementor-widget-button\" data-id=\"6456bd7\" data-element_type=\"widget\" data-e-type=\"widget\" data-widget_type=\"button.default\">\n\t\t\t\t<div class=\"elementor-widget-container\">\n\t\t\t\t\t\t\t\t\t<div class=\"elementor-button-wrapper\">\n\t\t\t\t\t<a class=\"elementor-button elementor-button-link elementor-size-sm\" href=\"https:\/\/iamerica.org\/ht\/join-us\/\">\n\t\t\t\t\t\t<span class=\"elementor-button-content-wrapper\">\n\t\t\t\t\t\t\t\t\t<span class=\"elementor-button-text\">Join nou<\/span>\n\t\t\t\t\t<\/span>\n\t\t\t\t\t<\/a>\n\t\t\t\t<\/div>\n\t\t\t\t\t\t\t\t<\/div>\n\t\t\t\t<\/div>\n\t\t\t\t\t<\/div>\n\t\t<\/div>\n\t\t\t\t<div class=\"elementor-column elementor-col-50 elementor-top-column elementor-element elementor-element-cdf8338\" data-id=\"cdf8338\" data-element_type=\"column\" data-e-type=\"column\">\n\t\t\t<div class=\"elementor-widget-wrap elementor-element-populated\">\n\t\t\t\t\t\t<div class=\"elementor-element elementor-element-979b927 elementor-widget elementor-widget-image\" data-id=\"979b927\" data-element_type=\"widget\" data-e-type=\"widget\" data-widget_type=\"image.default\">\n\t\t\t\t<div class=\"elementor-widget-container\">\n\t\t\t\t\t\t\t\t\t\t\t\t\t\t\t<img fetchpriority=\"high\" decoding=\"async\" width=\"800\" height=\"478\" src=\"https:\/\/iamerica.org\/wp-content\/uploads\/2024\/05\/people-1024x612.png\" class=\"attachment-large size-large wp-image-924\" alt=\"Line drawing of people with fists raised\" srcset=\"https:\/\/iamerica.org\/wp-content\/uploads\/2024\/05\/people-1024x612.png 1024w, https:\/\/iamerica.org\/wp-content\/uploads\/2024\/05\/people-300x179.png 300w, https:\/\/iamerica.org\/wp-content\/uploads\/2024\/05\/people-768x459.png 768w, https:\/\/iamerica.org\/wp-content\/uploads\/2024\/05\/people.png 1114w\" sizes=\"(max-width: 800px) 100vw, 800px\" \/>\t\t\t\t\t\t\t\t\t\t\t\t\t\t\t<\/div>\n\t\t\t\t<\/div>\n\t\t\t\t\t<\/div>\n\t\t<\/div>\n\t\t\t\t\t<\/div>\n\t\t<\/section>\n\t\t\t\t<\/div>","protected":false},"excerpt":{"rendered":"<p>Immigrants are invaluable members of our communities. They do the essential work that supports our families and drives our economy, like providing care for our loved ones, ensuring we have nutritious food on our tables and grocery shelves, securing and cleaning our offices and airports, and keeping our communities running.\u00a0 Millions have lived and worked [&hellip;]<\/p>\n","protected":false},"author":1,"featured_media":1127,"parent":0,"menu_order":0,"comment_status":"closed","ping_status":"closed","template":"","meta":{"footnotes":"","_links_to":"","_links_to_target":""},"class_list":["post-922","page","type-page","status-publish","has-post-thumbnail","hentry"],"yoast_head":"<!-- This site is optimized with the Yoast SEO plugin v27.3 - https:\/\/yoast.com\/product\/yoast-seo-wordpress\/ -->\n<title>Path to Citizenship - iAmerica<\/title>\n<meta name=\"description\" content=\"Join iAmerica in advocating for a pathway to citizenship for 11 million undocumented immigrants. They are essential to our communities and economy.\" \/>\n<meta name=\"robots\" content=\"index, follow, max-snippet:-1, max-image-preview:large, max-video-preview:-1\" \/>\n<link rel=\"canonical\" href=\"https:\/\/iamerica.org\/ht\/path-to-citizenship\/\" \/>\n<meta property=\"og:locale\" content=\"ht_HT\" \/>\n<meta property=\"og:type\" content=\"article\" \/>\n<meta property=\"og:title\" content=\"Path to Citizenship - iAmerica\" \/>\n<meta property=\"og:description\" content=\"Join iAmerica in advocating for a pathway to citizenship for 11 million undocumented immigrants. They are essential to our communities and economy.\" \/>\n<meta property=\"og:url\" content=\"https:\/\/iamerica.org\/ht\/path-to-citizenship\/\" \/>\n<meta property=\"og:site_name\" content=\"iAmerica\" \/>\n<meta property=\"article:publisher\" content=\"https:\/\/www.facebook.com\/iAmericaorg\/\" \/>\n<meta property=\"article:modified_time\" content=\"2024-07-10T22:31:03+00:00\" \/>\n<meta property=\"og:image\" content=\"https:\/\/iamerica.org\/wp-content\/uploads\/2024\/05\/iAmerica-Citizenship-scaled.webp\" \/>\n\t<meta property=\"og:image:width\" content=\"2560\" \/>\n\t<meta property=\"og:image:height\" content=\"418\" \/>\n\t<meta property=\"og:image:type\" content=\"image\/webp\" \/>\n<meta name=\"twitter:card\" content=\"summary_large_image\" \/>\n<meta name=\"twitter:site\" content=\"@iamericaorg\" \/>\n<meta name=\"twitter:label1\" content=\"Est. reading time\" \/>\n\t<meta name=\"twitter:data1\" content=\"1 minute\" \/>\n<script type=\"application\/ld+json\" class=\"yoast-schema-graph\">{\"@context\":\"https:\\\/\\\/schema.org\",\"@graph\":[{\"@type\":\"WebPage\",\"@id\":\"https:\\\/\\\/iamerica.org\\\/de\\\/path-to-citizenship\\\/\",\"url\":\"https:\\\/\\\/iamerica.org\\\/de\\\/path-to-citizenship\\\/\",\"name\":\"Path to Citizenship - iAmerica\",\"isPartOf\":{\"@id\":\"https:\\\/\\\/iamerica.org\\\/ru\\\/#website\"},\"primaryImageOfPage\":{\"@id\":\"https:\\\/\\\/iamerica.org\\\/de\\\/path-to-citizenship\\\/#primaryimage\"},\"image\":{\"@id\":\"https:\\\/\\\/iamerica.org\\\/de\\\/path-to-citizenship\\\/#primaryimage\"},\"thumbnailUrl\":\"https:\\\/\\\/iamerica.org\\\/wp-content\\\/uploads\\\/2024\\\/05\\\/iAmerica-Citizenship-scaled.webp\",\"datePublished\":\"2024-05-21T14:29:39+00:00\",\"dateModified\":\"2024-07-10T22:31:03+00:00\",\"description\":\"Join iAmerica in advocating for a pathway to citizenship for 11 million undocumented immigrants. They are essential to our communities and economy.\",\"breadcrumb\":{\"@id\":\"https:\\\/\\\/iamerica.org\\\/de\\\/path-to-citizenship\\\/#breadcrumb\"},\"inLanguage\":\"ht\",\"potentialAction\":[{\"@type\":\"ReadAction\",\"target\":[\"https:\\\/\\\/iamerica.org\\\/de\\\/path-to-citizenship\\\/\"]}]},{\"@type\":\"ImageObject\",\"inLanguage\":\"ht\",\"@id\":\"https:\\\/\\\/iamerica.org\\\/de\\\/path-to-citizenship\\\/#primaryimage\",\"url\":\"https:\\\/\\\/iamerica.org\\\/wp-content\\\/uploads\\\/2024\\\/05\\\/iAmerica-Citizenship-scaled.webp\",\"contentUrl\":\"https:\\\/\\\/iamerica.org\\\/wp-content\\\/uploads\\\/2024\\\/05\\\/iAmerica-Citizenship-scaled.webp\",\"width\":2560,\"height\":418,\"caption\":\"iAmerica Citizenship\"},{\"@type\":\"BreadcrumbList\",\"@id\":\"https:\\\/\\\/iamerica.org\\\/de\\\/path-to-citizenship\\\/#breadcrumb\",\"itemListElement\":[{\"@type\":\"ListItem\",\"position\":1,\"name\":\"Home\",\"item\":\"https:\\\/\\\/iamerica.org\\\/\"},{\"@type\":\"ListItem\",\"position\":2,\"name\":\"Path to Citizenship\"}]},{\"@type\":\"WebSite\",\"@id\":\"https:\\\/\\\/iamerica.org\\\/ru\\\/#website\",\"url\":\"https:\\\/\\\/iamerica.org\\\/ru\\\/\",\"name\":\"iAmerica\",\"description\":\"\",\"publisher\":{\"@id\":\"https:\\\/\\\/iamerica.org\\\/ru\\\/#organization\"},\"potentialAction\":[{\"@type\":\"SearchAction\",\"target\":{\"@type\":\"EntryPoint\",\"urlTemplate\":\"https:\\\/\\\/iamerica.org\\\/ru\\\/?s={search_term_string}\"},\"query-input\":{\"@type\":\"PropertyValueSpecification\",\"valueRequired\":true,\"valueName\":\"search_term_string\"}}],\"inLanguage\":\"ht\"},{\"@type\":\"Organization\",\"@id\":\"https:\\\/\\\/iamerica.org\\\/ru\\\/#organization\",\"name\":\"iAmerica\",\"url\":\"https:\\\/\\\/iamerica.org\\\/ru\\\/\",\"logo\":{\"@type\":\"ImageObject\",\"inLanguage\":\"ht\",\"@id\":\"https:\\\/\\\/iamerica.org\\\/ru\\\/#\\\/schema\\\/logo\\\/image\\\/\",\"url\":\"https:\\\/\\\/iamerica.org\\\/wp-content\\\/uploads\\\/2024\\\/05\\\/iAmerica_Logo_Navy.png\",\"contentUrl\":\"https:\\\/\\\/iamerica.org\\\/wp-content\\\/uploads\\\/2024\\\/05\\\/iAmerica_Logo_Navy.png\",\"width\":2309,\"height\":626,\"caption\":\"iAmerica\"},\"image\":{\"@id\":\"https:\\\/\\\/iamerica.org\\\/ru\\\/#\\\/schema\\\/logo\\\/image\\\/\"},\"sameAs\":[\"https:\\\/\\\/www.facebook.com\\\/iAmericaorg\\\/\",\"https:\\\/\\\/x.com\\\/iamericaorg\",\"https:\\\/\\\/www.instagram.com\\\/iamericaorg\"]}]}<\/script>\n<!-- \/ Yoast SEO plugin. -->","yoast_head_json":{"title":"Chemen pou Sitway\u00e8nte - iAmerica","description":"Vin jwenn iAmerica pou defann yon chemen pou jwenn sitway\u00e8nte pou 11 milyon imigran san papye. Yo esansy\u00e8l pou kominote nou yo ak ekonomi nou an.","robots":{"index":"index","follow":"follow","max-snippet":"max-snippet:-1","max-image-preview":"max-image-preview:large","max-video-preview":"max-video-preview:-1"},"canonical":"https:\/\/iamerica.org\/ht\/path-to-citizenship\/","og_locale":"ht_HT","og_type":"article","og_title":"Path to Citizenship - iAmerica","og_description":"Join iAmerica in advocating for a pathway to citizenship for 11 million undocumented immigrants. They are essential to our communities and economy.","og_url":"https:\/\/iamerica.org\/ht\/path-to-citizenship\/","og_site_name":"iAmerica","article_publisher":"https:\/\/www.facebook.com\/iAmericaorg\/","article_modified_time":"2024-07-10T22:31:03+00:00","og_image":[{"width":2560,"height":418,"url":"https:\/\/iamerica.org\/wp-content\/uploads\/2024\/05\/iAmerica-Citizenship-scaled.webp","type":"image\/webp"}],"twitter_card":"summary_large_image","twitter_site":"@iamericaorg","twitter_misc":{"Est. reading time":"1 minute"},"schema":{"@context":"https:\/\/schema.org","@graph":[{"@type":"WebPage","@id":"https:\/\/iamerica.org\/de\/path-to-citizenship\/","url":"https:\/\/iamerica.org\/de\/path-to-citizenship\/","name":"Chemen pou Sitway\u00e8nte - iAmerica","isPartOf":{"@id":"https:\/\/iamerica.org\/ru\/#website"},"primaryImageOfPage":{"@id":"https:\/\/iamerica.org\/de\/path-to-citizenship\/#primaryimage"},"image":{"@id":"https:\/\/iamerica.org\/de\/path-to-citizenship\/#primaryimage"},"thumbnailUrl":"https:\/\/iamerica.org\/wp-content\/uploads\/2024\/05\/iAmerica-Citizenship-scaled.webp","datePublished":"2024-05-21T14:29:39+00:00","dateModified":"2024-07-10T22:31:03+00:00","description":"Vin jwenn iAmerica pou defann yon chemen pou jwenn sitway\u00e8nte pou 11 milyon imigran san papye. Yo esansy\u00e8l pou kominote nou yo ak ekonomi nou an.","breadcrumb":{"@id":"https:\/\/iamerica.org\/de\/path-to-citizenship\/#breadcrumb"},"inLanguage":"ht","potentialAction":[{"@type":"ReadAction","target":["https:\/\/iamerica.org\/de\/path-to-citizenship\/"]}]},{"@type":"ImageObject","inLanguage":"ht","@id":"https:\/\/iamerica.org\/de\/path-to-citizenship\/#primaryimage","url":"https:\/\/iamerica.org\/wp-content\/uploads\/2024\/05\/iAmerica-Citizenship-scaled.webp","contentUrl":"https:\/\/iamerica.org\/wp-content\/uploads\/2024\/05\/iAmerica-Citizenship-scaled.webp","width":2560,"height":418,"caption":"iAmerica Citizenship"},{"@type":"BreadcrumbList","@id":"https:\/\/iamerica.org\/de\/path-to-citizenship\/#breadcrumb","itemListElement":[{"@type":"ListItem","position":1,"name":"Home","item":"https:\/\/iamerica.org\/"},{"@type":"ListItem","position":2,"name":"Path to Citizenship"}]},{"@type":"WebSite","@id":"https:\/\/iamerica.org\/ru\/#website","url":"https:\/\/iamerica.org\/ru\/","name":"iAmerik","description":"","publisher":{"@id":"https:\/\/iamerica.org\/ru\/#organization"},"potentialAction":[{"@type":"SearchAction","target":{"@type":"EntryPoint","urlTemplate":"https:\/\/iamerica.org\/ru\/?s={search_term_string}"},"query-input":{"@type":"PropertyValueSpecification","valueRequired":true,"valueName":"search_term_string"}}],"inLanguage":"ht"},{"@type":"Organization","@id":"https:\/\/iamerica.org\/ru\/#organization","name":"iAmerik","url":"https:\/\/iamerica.org\/ru\/","logo":{"@type":"ImageObject","inLanguage":"ht","@id":"https:\/\/iamerica.org\/ru\/#\/schema\/logo\/image\/","url":"https:\/\/iamerica.org\/wp-content\/uploads\/2024\/05\/iAmerica_Logo_Navy.png","contentUrl":"https:\/\/iamerica.org\/wp-content\/uploads\/2024\/05\/iAmerica_Logo_Navy.png","width":2309,"height":626,"caption":"iAmerica"},"image":{"@id":"https:\/\/iamerica.org\/ru\/#\/schema\/logo\/image\/"},"sameAs":["https:\/\/www.facebook.com\/iAmericaorg\/","https:\/\/x.com\/iamericaorg","https:\/\/www.instagram.com\/iamericaorg"]}]}},"_links":{"self":[{"href":"https:\/\/iamerica.org\/ht\/wp-json\/wp\/v2\/pages\/922","targetHints":{"allow":["GET"]}}],"collection":[{"href":"https:\/\/iamerica.org\/ht\/wp-json\/wp\/v2\/pages"}],"about":[{"href":"https:\/\/iamerica.org\/ht\/wp-json\/wp\/v2\/types\/page"}],"author":[{"embeddable":true,"href":"https:\/\/iamerica.org\/ht\/wp-json\/wp\/v2\/users\/1"}],"replies":[{"embeddable":true,"href":"https:\/\/iamerica.org\/ht\/wp-json\/wp\/v2\/comments?post=922"}],"version-history":[{"count":0,"href":"https:\/\/iamerica.org\/ht\/wp-json\/wp\/v2\/pages\/922\/revisions"}],"wp:featuredmedia":[{"embeddable":true,"href":"https:\/\/iamerica.org\/ht\/wp-json\/wp\/v2\/media\/1127"}],"wp:attachment":[{"href":"https:\/\/iamerica.org\/ht\/wp-json\/wp\/v2\/media?parent=922"}],"curies":[{"name":"wp","href":"https:\/\/api.w.org\/{rel}","templated":true}]}}