{"id":2917,"date":"2025-05-08T20:32:06","date_gmt":"2025-05-09T00:32:06","guid":{"rendered":"https:\/\/iamerica.org\/?page_id=2917"},"modified":"2025-05-08T20:32:37","modified_gmt":"2025-05-09T00:32:37","slug":"stand-with-detained-immigrant-workers-and-protect-our-freedom-of-speech","status":"publish","type":"page","link":"https:\/\/iamerica.org\/pt\/stand-with-detained-immigrant-workers-and-protect-our-freedom-of-speech\/","title":{"rendered":"Apoie os trabalhadores imigrantes detidos e proteja nossa liberdade de express\u00e3o"},"content":{"rendered":"<div data-elementor-type=\"wp-page\" data-elementor-id=\"2917\" class=\"elementor elementor-2917\" data-elementor-post-type=\"page\">\n\t\t\t\t\t\t<section class=\"elementor-section elementor-top-section elementor-element elementor-element-9513d47 elementor-section-boxed elementor-section-height-default elementor-section-height-default\" data-id=\"9513d47\" data-element_type=\"section\" data-e-type=\"section\">\n\t\t\t\t\t\t<div class=\"elementor-container elementor-column-gap-default\">\n\t\t\t\t\t<div class=\"elementor-column elementor-col-100 elementor-top-column elementor-element elementor-element-ad443b9\" data-id=\"ad443b9\" data-element_type=\"column\" data-e-type=\"column\">\n\t\t\t<div class=\"elementor-widget-wrap elementor-element-populated\">\n\t\t\t\t\t\t<div class=\"elementor-element elementor-element-c64b5e9 elementor-widget elementor-widget-text-editor\" data-id=\"c64b5e9\" data-element_type=\"widget\" data-e-type=\"widget\" data-widget_type=\"text-editor.default\">\n\t\t\t\t<div class=\"elementor-widget-container\">\n\t\t\t\t\t\t\t\t\t<p>No dia 25 de mar\u00e7o, R\u00fcmeysa \u00d6zt\u00fcrk, estudante de p\u00f3s-gradua\u00e7\u00e3o da Tufts University e membro do sindicato SEIU, foi presa por autoridades federais de imigra\u00e7\u00e3o mascaradas em uma rua p\u00fablica. Sua pris\u00e3o \u00e9 um claro ataque \u00e0 nossa liberdade de express\u00e3o. R\u00fcmeysa \u00e9 da Turquia, tinha um visto de estudante v\u00e1lido, mas foi presa e levada para um centro de deten\u00e7\u00e3o na Louisiana. Por qu\u00ea? Porque ela havia exercido recentemente seu direito de liberdade de express\u00e3o previsto na Primeira Emenda, escrevendo um artigo de opini\u00e3o no jornal estudantil em apoio ao povo da Palestina.<\/p><p>N\u00e3o ficaremos parados enquanto a Primeira Emenda \u00e9 incendiada diante de nossos olhos. E certamente n\u00e3o ficaremos em sil\u00eancio quando trabalhadores forem sequestrados.<\/p><p><strong>Mostre sua solidariedade compartilhando este p\u00f4ster! Publique nas m\u00eddias sociais com a hashtag <em>#4the1st<\/em> e marcar <em>@SEIULocal509.<\/em><br \/><\/strong><\/p>\t\t\t\t\t\t\t\t<\/div>\n\t\t\t\t<\/div>\n\t\t\t\t<div class=\"elementor-element elementor-element-9039b32 elementor-widget elementor-widget-button\" data-id=\"9039b32\" data-element_type=\"widget\" data-e-type=\"widget\" data-widget_type=\"button.default\">\n\t\t\t\t<div class=\"elementor-widget-container\">\n\t\t\t\t\t\t\t\t\t<div class=\"elementor-button-wrapper\">\n\t\t\t\t\t<a class=\"elementor-button elementor-button-link elementor-size-sm\" href=\"https:\/\/drive.google.com\/drive\/folders\/1mmCSHYy4Q-2yGwYqn0V2OOJaXXy-_DjJ?usp=drive_link\" target=\"_blank\">\n\t\t\t\t\t\t<span class=\"elementor-button-content-wrapper\">\n\t\t\t\t\t\t\t\t\t<span class=\"elementor-button-text\">Baixar<\/span>\n\t\t\t\t\t<\/span>\n\t\t\t\t\t<\/a>\n\t\t\t\t<\/div>\n\t\t\t\t\t\t\t\t<\/div>\n\t\t\t\t<\/div>\n\t\t\t\t<div class=\"elementor-element elementor-element-380d673 elementor-widget elementor-widget-image\" data-id=\"380d673\" data-element_type=\"widget\" data-e-type=\"widget\" data-widget_type=\"image.default\">\n\t\t\t\t<div class=\"elementor-widget-container\">\n\t\t\t\t\t\t\t\t\t\t\t\t\t\t\t<img fetchpriority=\"high\" decoding=\"async\" width=\"300\" height=\"300\" src=\"https:\/\/iamerica.org\/wp-content\/uploads\/2025\/05\/Rumeysa-FreeSpeech-IGsquare-150ppi-300x300.jpg\" class=\"attachment-medium size-medium wp-image-2918\" alt=\"\" srcset=\"https:\/\/iamerica.org\/wp-content\/uploads\/2025\/05\/Rumeysa-FreeSpeech-IGsquare-150ppi-300x300.jpg 300w, https:\/\/iamerica.org\/wp-content\/uploads\/2025\/05\/Rumeysa-FreeSpeech-IGsquare-150ppi-1024x1024.jpg 1024w, https:\/\/iamerica.org\/wp-content\/uploads\/2025\/05\/Rumeysa-FreeSpeech-IGsquare-150ppi-150x150.jpg 150w, https:\/\/iamerica.org\/wp-content\/uploads\/2025\/05\/Rumeysa-FreeSpeech-IGsquare-150ppi-768x768.jpg 768w, https:\/\/iamerica.org\/wp-content\/uploads\/2025\/05\/Rumeysa-FreeSpeech-IGsquare-150ppi-1536x1536.jpg 1536w, https:\/\/iamerica.org\/wp-content\/uploads\/2025\/05\/Rumeysa-FreeSpeech-IGsquare-150ppi-12x12.jpg 12w, https:\/\/iamerica.org\/wp-content\/uploads\/2025\/05\/Rumeysa-FreeSpeech-IGsquare-150ppi.jpg 1650w\" sizes=\"(max-width: 300px) 100vw, 300px\" \/>\t\t\t\t\t\t\t\t\t\t\t\t\t\t\t<\/div>\n\t\t\t\t<\/div>\n\t\t\t\t\t<\/div>\n\t\t<\/div>\n\t\t\t\t\t<\/div>\n\t\t<\/section>\n\t\t\t\t<\/div>","protected":false},"excerpt":{"rendered":"<p>On March 25th, R\u00fcmeysa \u00d6zt\u00fcrk, a graduate student at Tufts University and a member of labor union SEIU, was snatched by masked federal immigration authorities on a public street. Her arrest is a clear attack on our freedom of speech. R\u00fcmeysa&#8217;s from Turkey, she had a valid student visa, but was arrested and taken to [&hellip;]<\/p>\n","protected":false},"author":5,"featured_media":0,"parent":0,"menu_order":0,"comment_status":"closed","ping_status":"closed","template":"","meta":{"footnotes":"","_links_to":"","_links_to_target":""},"class_list":["post-2917","page","type-page","status-publish","hentry"],"yoast_head":"<!-- This site is optimized with the Yoast SEO plugin v27.3 - https:\/\/yoast.com\/product\/yoast-seo-wordpress\/ -->\n<title>Stand with Detained Immigrant Workers and Protect Our Freedom of Speech - iAmerica<\/title>\n<meta name=\"robots\" content=\"index, follow, max-snippet:-1, max-image-preview:large, max-video-preview:-1\" \/>\n<link rel=\"canonical\" href=\"https:\/\/iamerica.org\/pt\/stand-with-detained-immigrant-workers-and-protect-our-freedom-of-speech\/\" \/>\n<meta property=\"og:locale\" content=\"pt_BR\" \/>\n<meta property=\"og:type\" content=\"article\" \/>\n<meta property=\"og:title\" content=\"Stand with Detained Immigrant Workers and Protect Our Freedom of Speech - iAmerica\" \/>\n<meta property=\"og:description\" content=\"On March 25th, R\u00fcmeysa \u00d6zt\u00fcrk, a graduate student at Tufts University and a member of labor union SEIU, was snatched by masked federal immigration authorities on a public street. Her arrest is a clear attack on our freedom of speech. R\u00fcmeysa&#8217;s from Turkey, she had a valid student visa, but was arrested and taken to [&hellip;]\" \/>\n<meta property=\"og:url\" content=\"https:\/\/iamerica.org\/pt\/stand-with-detained-immigrant-workers-and-protect-our-freedom-of-speech\/\" \/>\n<meta property=\"og:site_name\" content=\"iAmerica\" \/>\n<meta property=\"article:publisher\" content=\"https:\/\/www.facebook.com\/iAmericaorg\/\" \/>\n<meta property=\"article:modified_time\" content=\"2025-05-09T00:32:37+00:00\" \/>\n<meta property=\"og:image\" content=\"https:\/\/iamerica.org\/wp-content\/uploads\/2025\/05\/Rumeysa-FreeSpeech-IGsquare-150ppi.jpg\" \/>\n\t<meta property=\"og:image:width\" content=\"1650\" \/>\n\t<meta property=\"og:image:height\" content=\"1650\" \/>\n\t<meta property=\"og:image:type\" content=\"image\/jpeg\" \/>\n<meta name=\"twitter:card\" content=\"summary_large_image\" \/>\n<meta name=\"twitter:site\" content=\"@iamericaorg\" \/>\n<meta name=\"twitter:label1\" content=\"Est. tempo de leitura\" \/>\n\t<meta name=\"twitter:data1\" content=\"1 minuto\" \/>\n<script type=\"application\/ld+json\" class=\"yoast-schema-graph\">{\"@context\":\"https:\\\/\\\/schema.org\",\"@graph\":[{\"@type\":\"WebPage\",\"@id\":\"https:\\\/\\\/iamerica.org\\\/stand-with-detained-immigrant-workers-and-protect-our-freedom-of-speech\\\/\",\"url\":\"https:\\\/\\\/iamerica.org\\\/stand-with-detained-immigrant-workers-and-protect-our-freedom-of-speech\\\/\",\"name\":\"Stand with Detained Immigrant Workers and Protect Our Freedom of Speech - iAmerica\",\"isPartOf\":{\"@id\":\"https:\\\/\\\/iamerica.org\\\/ru\\\/#website\"},\"primaryImageOfPage\":{\"@id\":\"https:\\\/\\\/iamerica.org\\\/stand-with-detained-immigrant-workers-and-protect-our-freedom-of-speech\\\/#primaryimage\"},\"image\":{\"@id\":\"https:\\\/\\\/iamerica.org\\\/stand-with-detained-immigrant-workers-and-protect-our-freedom-of-speech\\\/#primaryimage\"},\"thumbnailUrl\":\"https:\\\/\\\/iamerica.org\\\/wp-content\\\/uploads\\\/2025\\\/05\\\/Rumeysa-FreeSpeech-IGsquare-150ppi-300x300.jpg\",\"datePublished\":\"2025-05-09T00:32:06+00:00\",\"dateModified\":\"2025-05-09T00:32:37+00:00\",\"breadcrumb\":{\"@id\":\"https:\\\/\\\/iamerica.org\\\/stand-with-detained-immigrant-workers-and-protect-our-freedom-of-speech\\\/#breadcrumb\"},\"inLanguage\":\"pt-BR\",\"potentialAction\":[{\"@type\":\"ReadAction\",\"target\":[\"https:\\\/\\\/iamerica.org\\\/stand-with-detained-immigrant-workers-and-protect-our-freedom-of-speech\\\/\"]}]},{\"@type\":\"ImageObject\",\"inLanguage\":\"pt-BR\",\"@id\":\"https:\\\/\\\/iamerica.org\\\/stand-with-detained-immigrant-workers-and-protect-our-freedom-of-speech\\\/#primaryimage\",\"url\":\"https:\\\/\\\/iamerica.org\\\/wp-content\\\/uploads\\\/2025\\\/05\\\/Rumeysa-FreeSpeech-IGsquare-150ppi-300x300.jpg\",\"contentUrl\":\"https:\\\/\\\/iamerica.org\\\/wp-content\\\/uploads\\\/2025\\\/05\\\/Rumeysa-FreeSpeech-IGsquare-150ppi-300x300.jpg\"},{\"@type\":\"BreadcrumbList\",\"@id\":\"https:\\\/\\\/iamerica.org\\\/stand-with-detained-immigrant-workers-and-protect-our-freedom-of-speech\\\/#breadcrumb\",\"itemListElement\":[{\"@type\":\"ListItem\",\"position\":1,\"name\":\"Home\",\"item\":\"https:\\\/\\\/iamerica.org\\\/\"},{\"@type\":\"ListItem\",\"position\":2,\"name\":\"Stand with Detained Immigrant Workers and Protect Our Freedom of Speech\"}]},{\"@type\":\"WebSite\",\"@id\":\"https:\\\/\\\/iamerica.org\\\/ru\\\/#website\",\"url\":\"https:\\\/\\\/iamerica.org\\\/ru\\\/\",\"name\":\"iAmerica\",\"description\":\"\",\"publisher\":{\"@id\":\"https:\\\/\\\/iamerica.org\\\/ru\\\/#organization\"},\"potentialAction\":[{\"@type\":\"SearchAction\",\"target\":{\"@type\":\"EntryPoint\",\"urlTemplate\":\"https:\\\/\\\/iamerica.org\\\/ru\\\/?s={search_term_string}\"},\"query-input\":{\"@type\":\"PropertyValueSpecification\",\"valueRequired\":true,\"valueName\":\"search_term_string\"}}],\"inLanguage\":\"pt-BR\"},{\"@type\":\"Organization\",\"@id\":\"https:\\\/\\\/iamerica.org\\\/ru\\\/#organization\",\"name\":\"iAmerica\",\"url\":\"https:\\\/\\\/iamerica.org\\\/ru\\\/\",\"logo\":{\"@type\":\"ImageObject\",\"inLanguage\":\"pt-BR\",\"@id\":\"https:\\\/\\\/iamerica.org\\\/ru\\\/#\\\/schema\\\/logo\\\/image\\\/\",\"url\":\"https:\\\/\\\/iamerica.org\\\/wp-content\\\/uploads\\\/2024\\\/05\\\/iAmerica_Logo_Navy.png\",\"contentUrl\":\"https:\\\/\\\/iamerica.org\\\/wp-content\\\/uploads\\\/2024\\\/05\\\/iAmerica_Logo_Navy.png\",\"width\":2309,\"height\":626,\"caption\":\"iAmerica\"},\"image\":{\"@id\":\"https:\\\/\\\/iamerica.org\\\/ru\\\/#\\\/schema\\\/logo\\\/image\\\/\"},\"sameAs\":[\"https:\\\/\\\/www.facebook.com\\\/iAmericaorg\\\/\",\"https:\\\/\\\/x.com\\\/iamericaorg\",\"https:\\\/\\\/www.instagram.com\\\/iamericaorg\"]}]}<\/script>\n<!-- \/ Yoast SEO plugin. -->","yoast_head_json":{"title":"Apoie os trabalhadores imigrantes detidos e proteja nossa liberdade de express\u00e3o - iAmerica","robots":{"index":"index","follow":"follow","max-snippet":"max-snippet:-1","max-image-preview":"max-image-preview:large","max-video-preview":"max-video-preview:-1"},"canonical":"https:\/\/iamerica.org\/pt\/stand-with-detained-immigrant-workers-and-protect-our-freedom-of-speech\/","og_locale":"pt_BR","og_type":"article","og_title":"Stand with Detained Immigrant Workers and Protect Our Freedom of Speech - iAmerica","og_description":"On March 25th, R\u00fcmeysa \u00d6zt\u00fcrk, a graduate student at Tufts University and a member of labor union SEIU, was snatched by masked federal immigration authorities on a public street. Her arrest is a clear attack on our freedom of speech. R\u00fcmeysa&#8217;s from Turkey, she had a valid student visa, but was arrested and taken to [&hellip;]","og_url":"https:\/\/iamerica.org\/pt\/stand-with-detained-immigrant-workers-and-protect-our-freedom-of-speech\/","og_site_name":"iAmerica","article_publisher":"https:\/\/www.facebook.com\/iAmericaorg\/","article_modified_time":"2025-05-09T00:32:37+00:00","og_image":[{"width":1650,"height":1650,"url":"https:\/\/iamerica.org\/wp-content\/uploads\/2025\/05\/Rumeysa-FreeSpeech-IGsquare-150ppi.jpg","type":"image\/jpeg"}],"twitter_card":"summary_large_image","twitter_site":"@iamericaorg","twitter_misc":{"Est. tempo de leitura":"1 minuto"},"schema":{"@context":"https:\/\/schema.org","@graph":[{"@type":"WebPage","@id":"https:\/\/iamerica.org\/stand-with-detained-immigrant-workers-and-protect-our-freedom-of-speech\/","url":"https:\/\/iamerica.org\/stand-with-detained-immigrant-workers-and-protect-our-freedom-of-speech\/","name":"Apoie os trabalhadores imigrantes detidos e proteja nossa liberdade de express\u00e3o - iAmerica","isPartOf":{"@id":"https:\/\/iamerica.org\/ru\/#website"},"primaryImageOfPage":{"@id":"https:\/\/iamerica.org\/stand-with-detained-immigrant-workers-and-protect-our-freedom-of-speech\/#primaryimage"},"image":{"@id":"https:\/\/iamerica.org\/stand-with-detained-immigrant-workers-and-protect-our-freedom-of-speech\/#primaryimage"},"thumbnailUrl":"https:\/\/iamerica.org\/wp-content\/uploads\/2025\/05\/Rumeysa-FreeSpeech-IGsquare-150ppi-300x300.jpg","datePublished":"2025-05-09T00:32:06+00:00","dateModified":"2025-05-09T00:32:37+00:00","breadcrumb":{"@id":"https:\/\/iamerica.org\/stand-with-detained-immigrant-workers-and-protect-our-freedom-of-speech\/#breadcrumb"},"inLanguage":"pt-BR","potentialAction":[{"@type":"ReadAction","target":["https:\/\/iamerica.org\/stand-with-detained-immigrant-workers-and-protect-our-freedom-of-speech\/"]}]},{"@type":"ImageObject","inLanguage":"pt-BR","@id":"https:\/\/iamerica.org\/stand-with-detained-immigrant-workers-and-protect-our-freedom-of-speech\/#primaryimage","url":"https:\/\/iamerica.org\/wp-content\/uploads\/2025\/05\/Rumeysa-FreeSpeech-IGsquare-150ppi-300x300.jpg","contentUrl":"https:\/\/iamerica.org\/wp-content\/uploads\/2025\/05\/Rumeysa-FreeSpeech-IGsquare-150ppi-300x300.jpg"},{"@type":"BreadcrumbList","@id":"https:\/\/iamerica.org\/stand-with-detained-immigrant-workers-and-protect-our-freedom-of-speech\/#breadcrumb","itemListElement":[{"@type":"ListItem","position":1,"name":"Home","item":"https:\/\/iamerica.org\/"},{"@type":"ListItem","position":2,"name":"Stand with Detained Immigrant Workers and Protect Our Freedom of Speech"}]},{"@type":"WebSite","@id":"https:\/\/iamerica.org\/ru\/#website","url":"https:\/\/iamerica.org\/ru\/","name":"iAmerica","description":"","publisher":{"@id":"https:\/\/iamerica.org\/ru\/#organization"},"potentialAction":[{"@type":"SearchAction","target":{"@type":"EntryPoint","urlTemplate":"https:\/\/iamerica.org\/ru\/?s={search_term_string}"},"query-input":{"@type":"PropertyValueSpecification","valueRequired":true,"valueName":"search_term_string"}}],"inLanguage":"pt-BR"},{"@type":"Organization","@id":"https:\/\/iamerica.org\/ru\/#organization","name":"iAmerica","url":"https:\/\/iamerica.org\/ru\/","logo":{"@type":"ImageObject","inLanguage":"pt-BR","@id":"https:\/\/iamerica.org\/ru\/#\/schema\/logo\/image\/","url":"https:\/\/iamerica.org\/wp-content\/uploads\/2024\/05\/iAmerica_Logo_Navy.png","contentUrl":"https:\/\/iamerica.org\/wp-content\/uploads\/2024\/05\/iAmerica_Logo_Navy.png","width":2309,"height":626,"caption":"iAmerica"},"image":{"@id":"https:\/\/iamerica.org\/ru\/#\/schema\/logo\/image\/"},"sameAs":["https:\/\/www.facebook.com\/iAmericaorg\/","https:\/\/x.com\/iamericaorg","https:\/\/www.instagram.com\/iamericaorg"]}]}},"_links":{"self":[{"href":"https:\/\/iamerica.org\/pt\/wp-json\/wp\/v2\/pages\/2917","targetHints":{"allow":["GET"]}}],"collection":[{"href":"https:\/\/iamerica.org\/pt\/wp-json\/wp\/v2\/pages"}],"about":[{"href":"https:\/\/iamerica.org\/pt\/wp-json\/wp\/v2\/types\/page"}],"author":[{"embeddable":true,"href":"https:\/\/iamerica.org\/pt\/wp-json\/wp\/v2\/users\/5"}],"replies":[{"embeddable":true,"href":"https:\/\/iamerica.org\/pt\/wp-json\/wp\/v2\/comments?post=2917"}],"version-history":[{"count":0,"href":"https:\/\/iamerica.org\/pt\/wp-json\/wp\/v2\/pages\/2917\/revisions"}],"wp:attachment":[{"href":"https:\/\/iamerica.org\/pt\/wp-json\/wp\/v2\/media?parent=2917"}],"curies":[{"name":"wp","href":"https:\/\/api.w.org\/{rel}","templated":true}]}}