{"id":2607,"date":"2024-07-29T13:01:24","date_gmt":"2024-07-29T17:01:24","guid":{"rendered":"https:\/\/iamerica.org\/?page_id=2607"},"modified":"2024-08-06T11:11:07","modified_gmt":"2024-08-06T15:11:07","slug":"media-release","status":"publish","type":"page","link":"https:\/\/iamerica.org\/vi\/media-release\/","title":{"rendered":"Th\u00f4ng c\u00e1o b\u00e1o ch\u00ed"},"content":{"rendered":"<p>T\u00f4i \u0111\u1ed3ng \u00fd cho iAmerica, SEIU, c\u00e1c chi nh\u00e1nh v\u00e0 \u0111\u1ed1i t\u00e1c chi\u1ebfn l\u01b0\u1ee3c c\u1ee7a iAmerica s\u1eed d\u1ee5ng v\u00e0 c\u00f4ng b\u1ed1 t\u00ean c\u1ee7a t\u00f4i v\u00e0\/ho\u1eb7c b\u1ea5t k\u1ef3 tuy\u00ean b\u1ed1 n\u00e0o t\u00f4i \u0111\u00e3 \u0111\u01b0a ra cho iAmerica. T\u00f4i cho ph\u00e9p iAmerica xu\u1ea5t b\u1ea3n t\u00e0i li\u1ec7u n\u00e0y d\u01b0\u1edbi d\u1ea1ng in \u1ea5n, tr\u00ean Internet, tr\u00ean TV v\u00e0 radio, v\u00e0\/ho\u1eb7c th\u00f4ng qua b\u1ea5t k\u1ef3 ph\u01b0\u01a1ng ti\u1ec7n truy\u1ec1n th\u00f4ng n\u00e0o kh\u00e1c. T\u00f4i t\u1eeb b\u1ecf b\u1ea5t k\u1ef3 quy\u1ec1n n\u00e0o m\u00e0 t\u00f4i c\u00f3 th\u1ec3 c\u00f3 \u0111\u1ec3 ki\u1ec3m tra ho\u1eb7c ph\u00ea duy\u1ec7t b\u1ea5t k\u1ef3 s\u1ea3n ph\u1ea9m ho\u00e0n thi\u1ec7n n\u00e0o k\u1ebft h\u1ee3p t\u00e0i li\u1ec7u n\u00e0y. T\u00f4i \u0111\u1ed3ng \u00fd gi\u1ea3i ph\u00f3ng iAmerica kh\u1ecfi m\u1ecdi tr\u00e1ch nhi\u1ec7m ph\u00e1p l\u00fd v\u00e0 b\u1ea5t k\u1ef3 khi\u1ebfu n\u1ea1i n\u00e0o m\u00e0 t\u00f4i c\u00f3 th\u1ec3 c\u00f3 ph\u00e1t sinh t\u1eeb vi\u1ec7c s\u1eed d\u1ee5ng, xu\u1ea5t b\u1ea3n v\u00e0\/ho\u1eb7c ti\u1ebft l\u1ed9 t\u00e0i li\u1ec7u n\u00e0y.<\/p>","protected":false},"excerpt":{"rendered":"<p>I give my consent to iAmerica, SEIU, its locals and affiliates, and its strategic partners to use and publish my name and\/or any statements I have given to iAmerica. I give iAmerica my permission to publish this material in print, on the Internet, over TV and radio, and\/or through any other media. I waive any [&hellip;]<\/p>\n","protected":false},"author":5,"featured_media":2400,"parent":0,"menu_order":0,"comment_status":"closed","ping_status":"closed","template":"","meta":{"footnotes":"","_links_to":"","_links_to_target":""},"class_list":["post-2607","page","type-page","status-publish","has-post-thumbnail","hentry"],"yoast_head":"<!-- This site is optimized with the Yoast SEO plugin v27.3 - https:\/\/yoast.com\/product\/yoast-seo-wordpress\/ -->\n<title>Media Release - iAmerica<\/title>\n<meta name=\"robots\" content=\"index, follow, max-snippet:-1, max-image-preview:large, max-video-preview:-1\" \/>\n<link rel=\"canonical\" href=\"https:\/\/iamerica.org\/vi\/media-release\/\" \/>\n<meta property=\"og:locale\" content=\"vi_VN\" \/>\n<meta property=\"og:type\" content=\"article\" \/>\n<meta property=\"og:title\" content=\"Media Release - iAmerica\" \/>\n<meta property=\"og:description\" content=\"I give my consent to iAmerica, SEIU, its locals and affiliates, and its strategic partners to use and publish my name and\/or any statements I have given to iAmerica. I give iAmerica my permission to publish this material in print, on the Internet, over TV and radio, and\/or through any other media. I waive any [&hellip;]\" \/>\n<meta property=\"og:url\" content=\"https:\/\/iamerica.org\/vi\/media-release\/\" \/>\n<meta property=\"og:site_name\" content=\"iAmerica\" \/>\n<meta property=\"article:publisher\" content=\"https:\/\/www.facebook.com\/iAmericaorg\/\" \/>\n<meta property=\"article:modified_time\" content=\"2024-08-06T15:11:07+00:00\" \/>\n<meta property=\"og:image\" content=\"https:\/\/iamerica.org\/wp-content\/uploads\/2024\/07\/Rectangle-150.png\" \/>\n\t<meta property=\"og:image:width\" content=\"1440\" \/>\n\t<meta property=\"og:image:height\" content=\"235\" \/>\n\t<meta property=\"og:image:type\" content=\"image\/png\" \/>\n<meta name=\"twitter:card\" content=\"summary_large_image\" \/>\n<meta name=\"twitter:site\" content=\"@iamericaorg\" \/>\n<meta name=\"twitter:label1\" content=\"\u01af\u1edbc t\u00ednh th\u1eddi gian \u0111\u1ecdc\" \/>\n\t<meta name=\"twitter:data1\" content=\"1 ph\u00fat\" \/>\n<script type=\"application\/ld+json\" class=\"yoast-schema-graph\">{\"@context\":\"https:\\\/\\\/schema.org\",\"@graph\":[{\"@type\":\"WebPage\",\"@id\":\"https:\\\/\\\/iamerica.org\\\/media-release\\\/\",\"url\":\"https:\\\/\\\/iamerica.org\\\/media-release\\\/\",\"name\":\"Media Release - iAmerica\",\"isPartOf\":{\"@id\":\"https:\\\/\\\/iamerica.org\\\/ru\\\/#website\"},\"primaryImageOfPage\":{\"@id\":\"https:\\\/\\\/iamerica.org\\\/media-release\\\/#primaryimage\"},\"image\":{\"@id\":\"https:\\\/\\\/iamerica.org\\\/media-release\\\/#primaryimage\"},\"thumbnailUrl\":\"https:\\\/\\\/iamerica.org\\\/wp-content\\\/uploads\\\/2024\\\/07\\\/Rectangle-150.png\",\"datePublished\":\"2024-07-29T17:01:24+00:00\",\"dateModified\":\"2024-08-06T15:11:07+00:00\",\"breadcrumb\":{\"@id\":\"https:\\\/\\\/iamerica.org\\\/media-release\\\/#breadcrumb\"},\"inLanguage\":\"vi\",\"potentialAction\":[{\"@type\":\"ReadAction\",\"target\":[\"https:\\\/\\\/iamerica.org\\\/media-release\\\/\"]}]},{\"@type\":\"ImageObject\",\"inLanguage\":\"vi\",\"@id\":\"https:\\\/\\\/iamerica.org\\\/media-release\\\/#primaryimage\",\"url\":\"https:\\\/\\\/iamerica.org\\\/wp-content\\\/uploads\\\/2024\\\/07\\\/Rectangle-150.png\",\"contentUrl\":\"https:\\\/\\\/iamerica.org\\\/wp-content\\\/uploads\\\/2024\\\/07\\\/Rectangle-150.png\",\"width\":1440,\"height\":235,\"caption\":\"Excited crowd of masked SEIU members holding up signs.\"},{\"@type\":\"BreadcrumbList\",\"@id\":\"https:\\\/\\\/iamerica.org\\\/media-release\\\/#breadcrumb\",\"itemListElement\":[{\"@type\":\"ListItem\",\"position\":1,\"name\":\"Home\",\"item\":\"https:\\\/\\\/iamerica.org\\\/\"},{\"@type\":\"ListItem\",\"position\":2,\"name\":\"Media Release\"}]},{\"@type\":\"WebSite\",\"@id\":\"https:\\\/\\\/iamerica.org\\\/ru\\\/#website\",\"url\":\"https:\\\/\\\/iamerica.org\\\/ru\\\/\",\"name\":\"iAmerica\",\"description\":\"\",\"publisher\":{\"@id\":\"https:\\\/\\\/iamerica.org\\\/ru\\\/#organization\"},\"potentialAction\":[{\"@type\":\"SearchAction\",\"target\":{\"@type\":\"EntryPoint\",\"urlTemplate\":\"https:\\\/\\\/iamerica.org\\\/ru\\\/?s={search_term_string}\"},\"query-input\":{\"@type\":\"PropertyValueSpecification\",\"valueRequired\":true,\"valueName\":\"search_term_string\"}}],\"inLanguage\":\"vi\"},{\"@type\":\"Organization\",\"@id\":\"https:\\\/\\\/iamerica.org\\\/ru\\\/#organization\",\"name\":\"iAmerica\",\"url\":\"https:\\\/\\\/iamerica.org\\\/ru\\\/\",\"logo\":{\"@type\":\"ImageObject\",\"inLanguage\":\"vi\",\"@id\":\"https:\\\/\\\/iamerica.org\\\/ru\\\/#\\\/schema\\\/logo\\\/image\\\/\",\"url\":\"https:\\\/\\\/iamerica.org\\\/wp-content\\\/uploads\\\/2024\\\/05\\\/iAmerica_Logo_Navy.png\",\"contentUrl\":\"https:\\\/\\\/iamerica.org\\\/wp-content\\\/uploads\\\/2024\\\/05\\\/iAmerica_Logo_Navy.png\",\"width\":2309,\"height\":626,\"caption\":\"iAmerica\"},\"image\":{\"@id\":\"https:\\\/\\\/iamerica.org\\\/ru\\\/#\\\/schema\\\/logo\\\/image\\\/\"},\"sameAs\":[\"https:\\\/\\\/www.facebook.com\\\/iAmericaorg\\\/\",\"https:\\\/\\\/x.com\\\/iamericaorg\",\"https:\\\/\\\/www.instagram.com\\\/iamericaorg\"]}]}<\/script>\n<!-- \/ Yoast SEO plugin. -->","yoast_head_json":{"title":"Th\u00f4ng c\u00e1o b\u00e1o ch\u00ed - iAmerica","robots":{"index":"index","follow":"follow","max-snippet":"max-snippet:-1","max-image-preview":"max-image-preview:large","max-video-preview":"max-video-preview:-1"},"canonical":"https:\/\/iamerica.org\/vi\/media-release\/","og_locale":"vi_VN","og_type":"article","og_title":"Media Release - iAmerica","og_description":"I give my consent to iAmerica, SEIU, its locals and affiliates, and its strategic partners to use and publish my name and\/or any statements I have given to iAmerica. I give iAmerica my permission to publish this material in print, on the Internet, over TV and radio, and\/or through any other media. I waive any [&hellip;]","og_url":"https:\/\/iamerica.org\/vi\/media-release\/","og_site_name":"iAmerica","article_publisher":"https:\/\/www.facebook.com\/iAmericaorg\/","article_modified_time":"2024-08-06T15:11:07+00:00","og_image":[{"width":1440,"height":235,"url":"https:\/\/iamerica.org\/wp-content\/uploads\/2024\/07\/Rectangle-150.png","type":"image\/png"}],"twitter_card":"summary_large_image","twitter_site":"@iamericaorg","twitter_misc":{"\u01af\u1edbc t\u00ednh th\u1eddi gian \u0111\u1ecdc":"1 ph\u00fat"},"schema":{"@context":"https:\/\/schema.org","@graph":[{"@type":"WebPage","@id":"https:\/\/iamerica.org\/media-release\/","url":"https:\/\/iamerica.org\/media-release\/","name":"Th\u00f4ng c\u00e1o b\u00e1o ch\u00ed - iAmerica","isPartOf":{"@id":"https:\/\/iamerica.org\/ru\/#website"},"primaryImageOfPage":{"@id":"https:\/\/iamerica.org\/media-release\/#primaryimage"},"image":{"@id":"https:\/\/iamerica.org\/media-release\/#primaryimage"},"thumbnailUrl":"https:\/\/iamerica.org\/wp-content\/uploads\/2024\/07\/Rectangle-150.png","datePublished":"2024-07-29T17:01:24+00:00","dateModified":"2024-08-06T15:11:07+00:00","breadcrumb":{"@id":"https:\/\/iamerica.org\/media-release\/#breadcrumb"},"inLanguage":"vi","potentialAction":[{"@type":"ReadAction","target":["https:\/\/iamerica.org\/media-release\/"]}]},{"@type":"ImageObject","inLanguage":"vi","@id":"https:\/\/iamerica.org\/media-release\/#primaryimage","url":"https:\/\/iamerica.org\/wp-content\/uploads\/2024\/07\/Rectangle-150.png","contentUrl":"https:\/\/iamerica.org\/wp-content\/uploads\/2024\/07\/Rectangle-150.png","width":1440,"height":235,"caption":"Excited crowd of masked SEIU members holding up signs."},{"@type":"BreadcrumbList","@id":"https:\/\/iamerica.org\/media-release\/#breadcrumb","itemListElement":[{"@type":"ListItem","position":1,"name":"Home","item":"https:\/\/iamerica.org\/"},{"@type":"ListItem","position":2,"name":"Media Release"}]},{"@type":"WebSite","@id":"https:\/\/iamerica.org\/ru\/#website","url":"https:\/\/iamerica.org\/ru\/","name":"iM\u1ef9","description":"","publisher":{"@id":"https:\/\/iamerica.org\/ru\/#organization"},"potentialAction":[{"@type":"SearchAction","target":{"@type":"EntryPoint","urlTemplate":"https:\/\/iamerica.org\/ru\/?s={search_term_string}"},"query-input":{"@type":"PropertyValueSpecification","valueRequired":true,"valueName":"search_term_string"}}],"inLanguage":"vi"},{"@type":"Organization","@id":"https:\/\/iamerica.org\/ru\/#organization","name":"iM\u1ef9","url":"https:\/\/iamerica.org\/ru\/","logo":{"@type":"ImageObject","inLanguage":"vi","@id":"https:\/\/iamerica.org\/ru\/#\/schema\/logo\/image\/","url":"https:\/\/iamerica.org\/wp-content\/uploads\/2024\/05\/iAmerica_Logo_Navy.png","contentUrl":"https:\/\/iamerica.org\/wp-content\/uploads\/2024\/05\/iAmerica_Logo_Navy.png","width":2309,"height":626,"caption":"iAmerica"},"image":{"@id":"https:\/\/iamerica.org\/ru\/#\/schema\/logo\/image\/"},"sameAs":["https:\/\/www.facebook.com\/iAmericaorg\/","https:\/\/x.com\/iamericaorg","https:\/\/www.instagram.com\/iamericaorg"]}]}},"_links":{"self":[{"href":"https:\/\/iamerica.org\/vi\/wp-json\/wp\/v2\/pages\/2607","targetHints":{"allow":["GET"]}}],"collection":[{"href":"https:\/\/iamerica.org\/vi\/wp-json\/wp\/v2\/pages"}],"about":[{"href":"https:\/\/iamerica.org\/vi\/wp-json\/wp\/v2\/types\/page"}],"author":[{"embeddable":true,"href":"https:\/\/iamerica.org\/vi\/wp-json\/wp\/v2\/users\/5"}],"replies":[{"embeddable":true,"href":"https:\/\/iamerica.org\/vi\/wp-json\/wp\/v2\/comments?post=2607"}],"version-history":[{"count":0,"href":"https:\/\/iamerica.org\/vi\/wp-json\/wp\/v2\/pages\/2607\/revisions"}],"wp:featuredmedia":[{"embeddable":true,"href":"https:\/\/iamerica.org\/vi\/wp-json\/wp\/v2\/media\/2400"}],"wp:attachment":[{"href":"https:\/\/iamerica.org\/vi\/wp-json\/wp\/v2\/media?parent=2607"}],"curies":[{"name":"wp","href":"https:\/\/api.w.org\/{rel}","templated":true}]}}