{"id":922,"date":"2024-05-21T14:29:39","date_gmt":"2024-05-21T14:29:39","guid":{"rendered":"https:\/\/iamerica.wpenginepowered.com\/?page_id=922"},"modified":"2024-07-10T18:31:03","modified_gmt":"2024-07-10T22:31:03","slug":"path-to-citizenship","status":"publish","type":"page","link":"https:\/\/iamerica.org\/vi\/path-to-citizenship\/","title":{"rendered":"Con \u0111\u01b0\u1eddng tr\u1edf th\u00e0nh c\u00f4ng d\u00e2n"},"content":{"rendered":"<div data-elementor-type=\"wp-page\" data-elementor-id=\"922\" class=\"elementor elementor-922\" data-elementor-post-type=\"page\">\n\t\t\t\t\t\t<section class=\"elementor-section elementor-top-section elementor-element elementor-element-7826604 elementor-section-boxed elementor-section-height-default elementor-section-height-default\" data-id=\"7826604\" data-element_type=\"section\" data-e-type=\"section\">\n\t\t\t\t\t\t<div class=\"elementor-container elementor-column-gap-wider\">\n\t\t\t\t\t<div class=\"elementor-column elementor-col-50 elementor-top-column elementor-element elementor-element-32d4635\" data-id=\"32d4635\" data-element_type=\"column\" data-e-type=\"column\">\n\t\t\t<div class=\"elementor-widget-wrap elementor-element-populated\">\n\t\t\t\t\t\t<div class=\"elementor-element elementor-element-6b3fa64 elementor-widget elementor-widget-text-editor\" data-id=\"6b3fa64\" data-element_type=\"widget\" data-e-type=\"widget\" data-widget_type=\"text-editor.default\">\n\t\t\t\t<div class=\"elementor-widget-container\">\n\t\t\t\t\t\t\t\t\t<p>Ng\u01b0\u1eddi nh\u1eadp c\u01b0 l\u00e0 th\u00e0nh vi\u00ean v\u00f4 gi\u00e1 c\u1ee7a c\u1ed9ng \u0111\u1ed3ng ch\u00fang ta. H\u1ecd l\u00e0m c\u00f4ng vi\u1ec7c thi\u1ebft y\u1ebfu h\u1ed7 tr\u1ee3 gia \u0111\u00ecnh ch\u00fang ta v\u00e0 th\u00fac \u0111\u1ea9y n\u1ec1n kinh t\u1ebf c\u1ee7a ch\u00fang ta, nh\u01b0 ch\u0103m s\u00f3c nh\u1eefng ng\u01b0\u1eddi th\u00e2n y\u00eau c\u1ee7a ch\u00fang ta, \u0111\u1ea3m b\u1ea3o ch\u00fang ta c\u00f3 th\u1ef1c ph\u1ea9m dinh d\u01b0\u1ee1ng tr\u00ean b\u00e0n \u0103n v\u00e0 k\u1ec7 h\u00e0ng t\u1ea1p h\u00f3a, b\u1ea3o v\u1ec7 v\u00e0 v\u1ec7 sinh v\u0103n ph\u00f2ng v\u00e0 s\u00e2n bay c\u1ee7a ch\u00fang ta, v\u00e0 duy tr\u00ec ho\u1ea1t \u0111\u1ed9ng c\u1ee7a c\u1ed9ng \u0111\u1ed3ng.\u00a0<\/p><p>H\u00e0ng tri\u1ec7u ng\u01b0\u1eddi \u0111\u00e3 s\u1ed1ng v\u00e0 l\u00e0m vi\u1ec7c t\u1ea1i Hoa K\u1ef3 trong nhi\u1ec1u n\u0103m, nu\u00f4i d\u1ea1y gia \u0111\u00ecnh, m\u1edf doanh nghi\u1ec7p v\u00e0 \u0111\u00f3ng g\u00f3p cho c\u1ed9ng \u0111\u1ed3ng v\u00e0 n\u1ec1n kinh t\u1ebf c\u1ee7a ch\u00fang ta. H\u1ecd l\u00e0 ng\u01b0\u1eddi M\u1ef9 theo m\u1ecdi c\u00e1ch ngo\u1ea1i tr\u1eeb tr\u00ean gi\u1ea5y t\u1edd. \u0110\u01b0a nh\u1eefng ng\u01b0\u1eddi nh\u1eadp c\u01b0 kh\u00f4ng c\u00f3 gi\u1ea5y t\u1edd v\u00e0o con \u0111\u01b0\u1eddng tr\u1edf th\u00e0nh c\u00f4ng d\u00e2n l\u00e0 \u0111i\u1ec1u t\u1ed1t cho t\u1ea5t c\u1ea3 m\u1ecdi ng\u01b0\u1eddi. N\u00f3 s\u1ebd gi\u1eef cho c\u00e1c gia \u0111\u00ecnh \u0111\u01b0\u1ee3c \u1edf b\u00ean nhau, t\u1ea1o ra vi\u1ec7c l\u00e0m, t\u0103ng l\u01b0\u01a1ng v\u00e0 th\u00fac \u0111\u1ea9y n\u1ec1n kinh t\u1ebf Hoa K\u1ef3.<\/p><p><a href=\"https:\/\/iamerica.org\/vi\/join-us\/\">Tham gia c\u00f9ng ch\u00fang t\u00f4i<\/a> trong vi\u1ec7c y\u00eau c\u1ea7u Qu\u1ed1c h\u1ed9i cung c\u1ea5p m\u1ed9t con \u0111\u01b0\u1eddng tr\u1edf th\u00e0nh c\u00f4ng d\u00e2n cho 11 tri\u1ec7u ng\u01b0\u1eddi nh\u1eadp c\u01b0 kh\u00f4ng c\u00f3 gi\u1ea5y t\u1edd t\u1ea1i Hoa K\u1ef3, nh\u1eefng ng\u01b0\u1eddi \u0111\u00f3ng vai tr\u00f2 thi\u1ebft y\u1ebfu \u0111\u1ed1i v\u1edbi c\u1ed9ng \u0111\u1ed3ng c\u1ee7a ch\u00fang ta.<\/p>\t\t\t\t\t\t\t\t<\/div>\n\t\t\t\t<\/div>\n\t\t\t\t<div class=\"elementor-element elementor-element-6456bd7 elementor-widget elementor-widget-button\" data-id=\"6456bd7\" data-element_type=\"widget\" data-e-type=\"widget\" data-widget_type=\"button.default\">\n\t\t\t\t<div class=\"elementor-widget-container\">\n\t\t\t\t\t\t\t\t\t<div class=\"elementor-button-wrapper\">\n\t\t\t\t\t<a class=\"elementor-button elementor-button-link elementor-size-sm\" href=\"https:\/\/iamerica.org\/vi\/join-us\/\">\n\t\t\t\t\t\t<span class=\"elementor-button-content-wrapper\">\n\t\t\t\t\t\t\t\t\t<span class=\"elementor-button-text\">Tham gia c\u00f9ng ch\u00fang t\u00f4i<\/span>\n\t\t\t\t\t<\/span>\n\t\t\t\t\t<\/a>\n\t\t\t\t<\/div>\n\t\t\t\t\t\t\t\t<\/div>\n\t\t\t\t<\/div>\n\t\t\t\t\t<\/div>\n\t\t<\/div>\n\t\t\t\t<div class=\"elementor-column elementor-col-50 elementor-top-column elementor-element elementor-element-cdf8338\" data-id=\"cdf8338\" data-element_type=\"column\" data-e-type=\"column\">\n\t\t\t<div class=\"elementor-widget-wrap elementor-element-populated\">\n\t\t\t\t\t\t<div class=\"elementor-element elementor-element-979b927 elementor-widget elementor-widget-image\" data-id=\"979b927\" data-element_type=\"widget\" data-e-type=\"widget\" data-widget_type=\"image.default\">\n\t\t\t\t<div class=\"elementor-widget-container\">\n\t\t\t\t\t\t\t\t\t\t\t\t\t\t\t<img fetchpriority=\"high\" decoding=\"async\" width=\"800\" height=\"478\" src=\"https:\/\/iamerica.org\/wp-content\/uploads\/2024\/05\/people-1024x612.png\" class=\"attachment-large size-large wp-image-924\" alt=\"Line drawing of people with fists raised\" srcset=\"https:\/\/iamerica.org\/wp-content\/uploads\/2024\/05\/people-1024x612.png 1024w, https:\/\/iamerica.org\/wp-content\/uploads\/2024\/05\/people-300x179.png 300w, https:\/\/iamerica.org\/wp-content\/uploads\/2024\/05\/people-768x459.png 768w, https:\/\/iamerica.org\/wp-content\/uploads\/2024\/05\/people.png 1114w\" sizes=\"(max-width: 800px) 100vw, 800px\" \/>\t\t\t\t\t\t\t\t\t\t\t\t\t\t\t<\/div>\n\t\t\t\t<\/div>\n\t\t\t\t\t<\/div>\n\t\t<\/div>\n\t\t\t\t\t<\/div>\n\t\t<\/section>\n\t\t\t\t<\/div>","protected":false},"excerpt":{"rendered":"<p>Immigrants are invaluable members of our communities. They do the essential work that supports our families and drives our economy, like providing care for our loved ones, ensuring we have nutritious food on our tables and grocery shelves, securing and cleaning our offices and airports, and keeping our communities running.\u00a0 Millions have lived and worked [&hellip;]<\/p>\n","protected":false},"author":1,"featured_media":1127,"parent":0,"menu_order":0,"comment_status":"closed","ping_status":"closed","template":"","meta":{"footnotes":"","_links_to":"","_links_to_target":""},"class_list":["post-922","page","type-page","status-publish","has-post-thumbnail","hentry"],"yoast_head":"<!-- This site is optimized with the Yoast SEO plugin v27.3 - https:\/\/yoast.com\/product\/yoast-seo-wordpress\/ -->\n<title>Path to Citizenship - iAmerica<\/title>\n<meta name=\"description\" content=\"Join iAmerica in advocating for a pathway to citizenship for 11 million undocumented immigrants. They are essential to our communities and economy.\" \/>\n<meta name=\"robots\" content=\"index, follow, max-snippet:-1, max-image-preview:large, max-video-preview:-1\" \/>\n<link rel=\"canonical\" href=\"https:\/\/iamerica.org\/vi\/path-to-citizenship\/\" \/>\n<meta property=\"og:locale\" content=\"vi_VN\" \/>\n<meta property=\"og:type\" content=\"article\" \/>\n<meta property=\"og:title\" content=\"Path to Citizenship - iAmerica\" \/>\n<meta property=\"og:description\" content=\"Join iAmerica in advocating for a pathway to citizenship for 11 million undocumented immigrants. They are essential to our communities and economy.\" \/>\n<meta property=\"og:url\" content=\"https:\/\/iamerica.org\/vi\/path-to-citizenship\/\" \/>\n<meta property=\"og:site_name\" content=\"iAmerica\" \/>\n<meta property=\"article:publisher\" content=\"https:\/\/www.facebook.com\/iAmericaorg\/\" \/>\n<meta property=\"article:modified_time\" content=\"2024-07-10T22:31:03+00:00\" \/>\n<meta property=\"og:image\" content=\"https:\/\/iamerica.org\/wp-content\/uploads\/2024\/05\/iAmerica-Citizenship-scaled.webp\" \/>\n\t<meta property=\"og:image:width\" content=\"2560\" \/>\n\t<meta property=\"og:image:height\" content=\"418\" \/>\n\t<meta property=\"og:image:type\" content=\"image\/webp\" \/>\n<meta name=\"twitter:card\" content=\"summary_large_image\" \/>\n<meta name=\"twitter:site\" content=\"@iamericaorg\" \/>\n<meta name=\"twitter:label1\" content=\"\u01af\u1edbc t\u00ednh th\u1eddi gian \u0111\u1ecdc\" \/>\n\t<meta name=\"twitter:data1\" content=\"1 ph\u00fat\" \/>\n<script type=\"application\/ld+json\" class=\"yoast-schema-graph\">{\"@context\":\"https:\\\/\\\/schema.org\",\"@graph\":[{\"@type\":\"WebPage\",\"@id\":\"https:\\\/\\\/iamerica.org\\\/de\\\/path-to-citizenship\\\/\",\"url\":\"https:\\\/\\\/iamerica.org\\\/de\\\/path-to-citizenship\\\/\",\"name\":\"Path to Citizenship - iAmerica\",\"isPartOf\":{\"@id\":\"https:\\\/\\\/iamerica.org\\\/ru\\\/#website\"},\"primaryImageOfPage\":{\"@id\":\"https:\\\/\\\/iamerica.org\\\/de\\\/path-to-citizenship\\\/#primaryimage\"},\"image\":{\"@id\":\"https:\\\/\\\/iamerica.org\\\/de\\\/path-to-citizenship\\\/#primaryimage\"},\"thumbnailUrl\":\"https:\\\/\\\/iamerica.org\\\/wp-content\\\/uploads\\\/2024\\\/05\\\/iAmerica-Citizenship-scaled.webp\",\"datePublished\":\"2024-05-21T14:29:39+00:00\",\"dateModified\":\"2024-07-10T22:31:03+00:00\",\"description\":\"Join iAmerica in advocating for a pathway to citizenship for 11 million undocumented immigrants. They are essential to our communities and economy.\",\"breadcrumb\":{\"@id\":\"https:\\\/\\\/iamerica.org\\\/de\\\/path-to-citizenship\\\/#breadcrumb\"},\"inLanguage\":\"vi\",\"potentialAction\":[{\"@type\":\"ReadAction\",\"target\":[\"https:\\\/\\\/iamerica.org\\\/de\\\/path-to-citizenship\\\/\"]}]},{\"@type\":\"ImageObject\",\"inLanguage\":\"vi\",\"@id\":\"https:\\\/\\\/iamerica.org\\\/de\\\/path-to-citizenship\\\/#primaryimage\",\"url\":\"https:\\\/\\\/iamerica.org\\\/wp-content\\\/uploads\\\/2024\\\/05\\\/iAmerica-Citizenship-scaled.webp\",\"contentUrl\":\"https:\\\/\\\/iamerica.org\\\/wp-content\\\/uploads\\\/2024\\\/05\\\/iAmerica-Citizenship-scaled.webp\",\"width\":2560,\"height\":418,\"caption\":\"iAmerica Citizenship\"},{\"@type\":\"BreadcrumbList\",\"@id\":\"https:\\\/\\\/iamerica.org\\\/de\\\/path-to-citizenship\\\/#breadcrumb\",\"itemListElement\":[{\"@type\":\"ListItem\",\"position\":1,\"name\":\"Home\",\"item\":\"https:\\\/\\\/iamerica.org\\\/\"},{\"@type\":\"ListItem\",\"position\":2,\"name\":\"Path to Citizenship\"}]},{\"@type\":\"WebSite\",\"@id\":\"https:\\\/\\\/iamerica.org\\\/ru\\\/#website\",\"url\":\"https:\\\/\\\/iamerica.org\\\/ru\\\/\",\"name\":\"iAmerica\",\"description\":\"\",\"publisher\":{\"@id\":\"https:\\\/\\\/iamerica.org\\\/ru\\\/#organization\"},\"potentialAction\":[{\"@type\":\"SearchAction\",\"target\":{\"@type\":\"EntryPoint\",\"urlTemplate\":\"https:\\\/\\\/iamerica.org\\\/ru\\\/?s={search_term_string}\"},\"query-input\":{\"@type\":\"PropertyValueSpecification\",\"valueRequired\":true,\"valueName\":\"search_term_string\"}}],\"inLanguage\":\"vi\"},{\"@type\":\"Organization\",\"@id\":\"https:\\\/\\\/iamerica.org\\\/ru\\\/#organization\",\"name\":\"iAmerica\",\"url\":\"https:\\\/\\\/iamerica.org\\\/ru\\\/\",\"logo\":{\"@type\":\"ImageObject\",\"inLanguage\":\"vi\",\"@id\":\"https:\\\/\\\/iamerica.org\\\/ru\\\/#\\\/schema\\\/logo\\\/image\\\/\",\"url\":\"https:\\\/\\\/iamerica.org\\\/wp-content\\\/uploads\\\/2024\\\/05\\\/iAmerica_Logo_Navy.png\",\"contentUrl\":\"https:\\\/\\\/iamerica.org\\\/wp-content\\\/uploads\\\/2024\\\/05\\\/iAmerica_Logo_Navy.png\",\"width\":2309,\"height\":626,\"caption\":\"iAmerica\"},\"image\":{\"@id\":\"https:\\\/\\\/iamerica.org\\\/ru\\\/#\\\/schema\\\/logo\\\/image\\\/\"},\"sameAs\":[\"https:\\\/\\\/www.facebook.com\\\/iAmericaorg\\\/\",\"https:\\\/\\\/x.com\\\/iamericaorg\",\"https:\\\/\\\/www.instagram.com\\\/iamericaorg\"]}]}<\/script>\n<!-- \/ Yoast SEO plugin. -->","yoast_head_json":{"title":"Con \u0111\u01b0\u1eddng \u0111\u1ebfn v\u1edbi quy\u1ec1n c\u00f4ng d\u00e2n - iAmerica","description":"H\u00e3y c\u00f9ng iAmerica v\u1eadn \u0111\u1ed9ng cho con \u0111\u01b0\u1eddng nh\u1eadp t\u1ecbch cho 11 tri\u1ec7u ng\u01b0\u1eddi nh\u1eadp c\u01b0 kh\u00f4ng c\u00f3 gi\u1ea5y t\u1edd. H\u1ecd r\u1ea5t quan tr\u1ecdng \u0111\u1ed1i v\u1edbi c\u1ed9ng \u0111\u1ed3ng v\u00e0 n\u1ec1n kinh t\u1ebf c\u1ee7a ch\u00fang ta.","robots":{"index":"index","follow":"follow","max-snippet":"max-snippet:-1","max-image-preview":"max-image-preview:large","max-video-preview":"max-video-preview:-1"},"canonical":"https:\/\/iamerica.org\/vi\/path-to-citizenship\/","og_locale":"vi_VN","og_type":"article","og_title":"Path to Citizenship - iAmerica","og_description":"Join iAmerica in advocating for a pathway to citizenship for 11 million undocumented immigrants. They are essential to our communities and economy.","og_url":"https:\/\/iamerica.org\/vi\/path-to-citizenship\/","og_site_name":"iAmerica","article_publisher":"https:\/\/www.facebook.com\/iAmericaorg\/","article_modified_time":"2024-07-10T22:31:03+00:00","og_image":[{"width":2560,"height":418,"url":"https:\/\/iamerica.org\/wp-content\/uploads\/2024\/05\/iAmerica-Citizenship-scaled.webp","type":"image\/webp"}],"twitter_card":"summary_large_image","twitter_site":"@iamericaorg","twitter_misc":{"\u01af\u1edbc t\u00ednh th\u1eddi gian \u0111\u1ecdc":"1 ph\u00fat"},"schema":{"@context":"https:\/\/schema.org","@graph":[{"@type":"WebPage","@id":"https:\/\/iamerica.org\/de\/path-to-citizenship\/","url":"https:\/\/iamerica.org\/de\/path-to-citizenship\/","name":"Con \u0111\u01b0\u1eddng \u0111\u1ebfn v\u1edbi quy\u1ec1n c\u00f4ng d\u00e2n - iAmerica","isPartOf":{"@id":"https:\/\/iamerica.org\/ru\/#website"},"primaryImageOfPage":{"@id":"https:\/\/iamerica.org\/de\/path-to-citizenship\/#primaryimage"},"image":{"@id":"https:\/\/iamerica.org\/de\/path-to-citizenship\/#primaryimage"},"thumbnailUrl":"https:\/\/iamerica.org\/wp-content\/uploads\/2024\/05\/iAmerica-Citizenship-scaled.webp","datePublished":"2024-05-21T14:29:39+00:00","dateModified":"2024-07-10T22:31:03+00:00","description":"H\u00e3y c\u00f9ng iAmerica v\u1eadn \u0111\u1ed9ng cho con \u0111\u01b0\u1eddng nh\u1eadp t\u1ecbch cho 11 tri\u1ec7u ng\u01b0\u1eddi nh\u1eadp c\u01b0 kh\u00f4ng c\u00f3 gi\u1ea5y t\u1edd. H\u1ecd r\u1ea5t quan tr\u1ecdng \u0111\u1ed1i v\u1edbi c\u1ed9ng \u0111\u1ed3ng v\u00e0 n\u1ec1n kinh t\u1ebf c\u1ee7a ch\u00fang ta.","breadcrumb":{"@id":"https:\/\/iamerica.org\/de\/path-to-citizenship\/#breadcrumb"},"inLanguage":"vi","potentialAction":[{"@type":"ReadAction","target":["https:\/\/iamerica.org\/de\/path-to-citizenship\/"]}]},{"@type":"ImageObject","inLanguage":"vi","@id":"https:\/\/iamerica.org\/de\/path-to-citizenship\/#primaryimage","url":"https:\/\/iamerica.org\/wp-content\/uploads\/2024\/05\/iAmerica-Citizenship-scaled.webp","contentUrl":"https:\/\/iamerica.org\/wp-content\/uploads\/2024\/05\/iAmerica-Citizenship-scaled.webp","width":2560,"height":418,"caption":"iAmerica Citizenship"},{"@type":"BreadcrumbList","@id":"https:\/\/iamerica.org\/de\/path-to-citizenship\/#breadcrumb","itemListElement":[{"@type":"ListItem","position":1,"name":"Home","item":"https:\/\/iamerica.org\/"},{"@type":"ListItem","position":2,"name":"Path to Citizenship"}]},{"@type":"WebSite","@id":"https:\/\/iamerica.org\/ru\/#website","url":"https:\/\/iamerica.org\/ru\/","name":"iM\u1ef9","description":"","publisher":{"@id":"https:\/\/iamerica.org\/ru\/#organization"},"potentialAction":[{"@type":"SearchAction","target":{"@type":"EntryPoint","urlTemplate":"https:\/\/iamerica.org\/ru\/?s={search_term_string}"},"query-input":{"@type":"PropertyValueSpecification","valueRequired":true,"valueName":"search_term_string"}}],"inLanguage":"vi"},{"@type":"Organization","@id":"https:\/\/iamerica.org\/ru\/#organization","name":"iM\u1ef9","url":"https:\/\/iamerica.org\/ru\/","logo":{"@type":"ImageObject","inLanguage":"vi","@id":"https:\/\/iamerica.org\/ru\/#\/schema\/logo\/image\/","url":"https:\/\/iamerica.org\/wp-content\/uploads\/2024\/05\/iAmerica_Logo_Navy.png","contentUrl":"https:\/\/iamerica.org\/wp-content\/uploads\/2024\/05\/iAmerica_Logo_Navy.png","width":2309,"height":626,"caption":"iAmerica"},"image":{"@id":"https:\/\/iamerica.org\/ru\/#\/schema\/logo\/image\/"},"sameAs":["https:\/\/www.facebook.com\/iAmericaorg\/","https:\/\/x.com\/iamericaorg","https:\/\/www.instagram.com\/iamericaorg"]}]}},"_links":{"self":[{"href":"https:\/\/iamerica.org\/vi\/wp-json\/wp\/v2\/pages\/922","targetHints":{"allow":["GET"]}}],"collection":[{"href":"https:\/\/iamerica.org\/vi\/wp-json\/wp\/v2\/pages"}],"about":[{"href":"https:\/\/iamerica.org\/vi\/wp-json\/wp\/v2\/types\/page"}],"author":[{"embeddable":true,"href":"https:\/\/iamerica.org\/vi\/wp-json\/wp\/v2\/users\/1"}],"replies":[{"embeddable":true,"href":"https:\/\/iamerica.org\/vi\/wp-json\/wp\/v2\/comments?post=922"}],"version-history":[{"count":0,"href":"https:\/\/iamerica.org\/vi\/wp-json\/wp\/v2\/pages\/922\/revisions"}],"wp:featuredmedia":[{"embeddable":true,"href":"https:\/\/iamerica.org\/vi\/wp-json\/wp\/v2\/media\/1127"}],"wp:attachment":[{"href":"https:\/\/iamerica.org\/vi\/wp-json\/wp\/v2\/media?parent=922"}],"curies":[{"name":"wp","href":"https:\/\/api.w.org\/{rel}","templated":true}]}}